{"id":4179,"date":"2024-12-19T13:16:31","date_gmt":"2024-12-19T13:16:31","guid":{"rendered":"https:\/\/walking-tours-istanbul.com\/taksim-galata-classic-private-tour-istanbul\/"},"modified":"2024-12-27T14:12:50","modified_gmt":"2024-12-27T14:12:50","slug":"stadtrundgang-istanbul-private-fuhrung-taksim-galata","status":"publish","type":"page","link":"https:\/\/walking-tours-istanbul.com\/de\/stadtrundgang-istanbul-private-fuhrung-taksim-galata\/","title":{"rendered":"Private F\u00fchrung durch Taksim und Galata"},"content":{"rendered":"<p><span><img decoding=\"async\" alt=\"\" data-id=\"4037\" width=\"600\" height=\"400\" title=\"Taksim &amp; Galata 1\" src=\"https:\/\/walking-tours-istanbul.com\/wp-content\/uploads\/2024\/12\/Taksim-Galata-1.webp\" data-src=\"https:\/\/walking-tours-istanbul.com\/wp-content\/uploads\/2024\/12\/Taksim-Galata-1-300x200.webp\" loading=\"lazy\" data-sizes=\"{&quot;thumbnail&quot;:{&quot;url&quot;:&quot;https:\/\/walking-tours-istanbul.com\/wp-content\/uploads\/2024\/12\/Taksim-Galata-1-150x150.webp&quot;,&quot;height&quot;:150,&quot;width&quot;:150,&quot;orientation&quot;:&quot;landscape&quot;},&quot;medium&quot;:{&quot;url&quot;:&quot;https:\/\/walking-tours-istanbul.com\/wp-content\/uploads\/2024\/12\/Taksim-Galata-1-300x200.webp&quot;,&quot;height&quot;:200,&quot;width&quot;:300,&quot;orientation&quot;:&quot;landscape&quot;},&quot;full&quot;:{&quot;url&quot;:&quot;https:\/\/walking-tours-istanbul.com\/wp-content\/uploads\/2024\/12\/Taksim-Galata-1.webp&quot;,&quot;height&quot;:400,&quot;width&quot;:600,&quot;orientation&quot;:&quot;landscape&quot;}}\"><\/span><span><img decoding=\"async\" alt=\"\" data-id=\"4039\" width=\"600\" height=\"400\" title=\"Taksim &amp; Galata 2\" src=\"https:\/\/walking-tours-istanbul.com\/wp-content\/uploads\/2024\/12\/Taksim-Galata-2.webp\" data-src=\"https:\/\/walking-tours-istanbul.com\/wp-content\/uploads\/2024\/12\/Taksim-Galata-2-300x200.webp\" loading=\"lazy\" data-sizes=\"{&quot;thumbnail&quot;:{&quot;url&quot;:&quot;https:\/\/walking-tours-istanbul.com\/wp-content\/uploads\/2024\/12\/Taksim-Galata-2-150x150.webp&quot;,&quot;height&quot;:150,&quot;width&quot;:150,&quot;orientation&quot;:&quot;landscape&quot;},&quot;medium&quot;:{&quot;url&quot;:&quot;https:\/\/walking-tours-istanbul.com\/wp-content\/uploads\/2024\/12\/Taksim-Galata-2-300x200.webp&quot;,&quot;height&quot;:200,&quot;width&quot;:300,&quot;orientation&quot;:&quot;landscape&quot;},&quot;full&quot;:{&quot;url&quot;:&quot;https:\/\/walking-tours-istanbul.com\/wp-content\/uploads\/2024\/12\/Taksim-Galata-2.webp&quot;,&quot;height&quot;:400,&quot;width&quot;:600,&quot;orientation&quot;:&quot;landscape&quot;}}\"><\/span><span><img decoding=\"async\" alt=\"\" data-id=\"4041\" width=\"500\" height=\"334\" title=\"Taksim &amp; Galata 3\" src=\"https:\/\/walking-tours-istanbul.com\/wp-content\/uploads\/2024\/12\/Taksim-Galata-3.webp\" data-src=\"https:\/\/walking-tours-istanbul.com\/wp-content\/uploads\/2024\/12\/Taksim-Galata-3-300x200.webp\" loading=\"lazy\" data-sizes=\"{&quot;thumbnail&quot;:{&quot;url&quot;:&quot;https:\/\/walking-tours-istanbul.com\/wp-content\/uploads\/2024\/12\/Taksim-Galata-3-150x150.webp&quot;,&quot;height&quot;:150,&quot;width&quot;:150,&quot;orientation&quot;:&quot;landscape&quot;},&quot;medium&quot;:{&quot;url&quot;:&quot;https:\/\/walking-tours-istanbul.com\/wp-content\/uploads\/2024\/12\/Taksim-Galata-3-300x200.webp&quot;,&quot;height&quot;:200,&quot;width&quot;:300,&quot;orientation&quot;:&quot;landscape&quot;},&quot;full&quot;:{&quot;url&quot;:&quot;https:\/\/walking-tours-istanbul.com\/wp-content\/uploads\/2024\/12\/Taksim-Galata-3.webp&quot;,&quot;height&quot;:334,&quot;width&quot;:500,&quot;orientation&quot;:&quot;landscape&quot;}}\"><\/span><span><img decoding=\"async\" alt=\"\" data-id=\"4043\" width=\"563\" height=\"497\" title=\"Taksim &amp; Galata Route\" src=\"https:\/\/walking-tours-istanbul.com\/wp-content\/uploads\/2024\/12\/Taksim-Galata-Route-e1734616873493.webp\" data-src=\"https:\/\/walking-tours-istanbul.com\/wp-content\/uploads\/2024\/12\/Taksim-Galata-Route-e1734616873493-300x265.webp\" loading=\"lazy\" data-sizes=\"{&quot;thumbnail&quot;:{&quot;url&quot;:&quot;https:\/\/walking-tours-istanbul.com\/wp-content\/uploads\/2024\/12\/Taksim-Galata-Route-e1734616873493-150x150.webp&quot;,&quot;height&quot;:150,&quot;width&quot;:150,&quot;orientation&quot;:&quot;landscape&quot;},&quot;medium&quot;:{&quot;url&quot;:&quot;https:\/\/walking-tours-istanbul.com\/wp-content\/uploads\/2024\/12\/Taksim-Galata-Route-e1734616873493-300x265.webp&quot;,&quot;height&quot;:265,&quot;width&quot;:300,&quot;orientation&quot;:&quot;landscape&quot;},&quot;full&quot;:{&quot;url&quot;:&quot;https:\/\/walking-tours-istanbul.com\/wp-content\/uploads\/2024\/12\/Taksim-Galata-Route-e1734616873493.webp&quot;,&quot;height&quot;:497,&quot;width&quot;:563,&quot;orientation&quot;:&quot;landscape&quot;}}\"><\/span><span><img decoding=\"async\" alt=\"\" data-id=\"4045\" width=\"1200\" height=\"630\" title=\"Taksim &amp; Galata top\" src=\"https:\/\/walking-tours-istanbul.com\/wp-content\/uploads\/2024\/12\/Taksim-Galata-top.jpeg\" data-src=\"https:\/\/walking-tours-istanbul.com\/wp-content\/uploads\/2024\/12\/Taksim-Galata-top-300x158.jpeg\" loading=\"lazy\" data-sizes=\"{&quot;thumbnail&quot;:{&quot;url&quot;:&quot;https:\/\/walking-tours-istanbul.com\/wp-content\/uploads\/2024\/12\/Taksim-Galata-top-150x150.jpeg&quot;,&quot;height&quot;:150,&quot;width&quot;:150,&quot;orientation&quot;:&quot;landscape&quot;},&quot;medium&quot;:{&quot;url&quot;:&quot;https:\/\/walking-tours-istanbul.com\/wp-content\/uploads\/2024\/12\/Taksim-Galata-top-300x158.jpeg&quot;,&quot;height&quot;:158,&quot;width&quot;:300,&quot;orientation&quot;:&quot;landscape&quot;},&quot;full&quot;:{&quot;url&quot;:&quot;https:\/\/walking-tours-istanbul.com\/wp-content\/uploads\/2024\/12\/Taksim-Galata-top.jpeg&quot;,&quot;height&quot;:630,&quot;width&quot;:1200,&quot;orientation&quot;:&quot;landscape&quot;}}\"><\/span><span><img decoding=\"async\" alt=\"\" data-id=\"4047\" width=\"600\" height=\"400\" title=\"Taksim &amp; Galata\" src=\"https:\/\/walking-tours-istanbul.com\/wp-content\/uploads\/2024\/12\/Taksim-Galata.webp\" data-src=\"https:\/\/walking-tours-istanbul.com\/wp-content\/uploads\/2024\/12\/Taksim-Galata-300x200.webp\" loading=\"lazy\" data-sizes=\"{&quot;thumbnail&quot;:{&quot;url&quot;:&quot;https:\/\/walking-tours-istanbul.com\/wp-content\/uploads\/2024\/12\/Taksim-Galata-150x150.webp&quot;,&quot;height&quot;:150,&quot;width&quot;:150,&quot;orientation&quot;:&quot;landscape&quot;},&quot;medium&quot;:{&quot;url&quot;:&quot;https:\/\/walking-tours-istanbul.com\/wp-content\/uploads\/2024\/12\/Taksim-Galata-300x200.webp&quot;,&quot;height&quot;:200,&quot;width&quot;:300,&quot;orientation&quot;:&quot;landscape&quot;},&quot;full&quot;:{&quot;url&quot;:&quot;https:\/\/walking-tours-istanbul.com\/wp-content\/uploads\/2024\/12\/Taksim-Galata.webp&quot;,&quot;height&quot;:400,&quot;width&quot;:600,&quot;orientation&quot;:&quot;landscape&quot;}}\"><\/span><\/p>\n<h2 data-kb-block=\"kb-adv-heading3012_16578e-28\">Private F\u00fchrung durch Taksim und Galata<\/h2>\n<h2><strong>Reservieren&nbsp;<\/strong><\/h2>\n<h2 style=\"\">aus&nbsp;<span style=\"font-size: 36px !important;\">170\u20ac<\/span><\/h2>\n<p dir=\"ltr\">Begeben Sie sichnauf eine faszinierende Reise durch&nbsp;<strong>die<\/strong>&nbsp;<strong>geschichtstr\u00e4chtigen Viertel Taksim und Galata,<\/strong>&nbsp;wo Istanbuls glanzvolle Vergangenheit auf die lebendige Gegenwart trifft. Wir starten unsere privaten F\u00fchrung&nbsp;<strong>am ber\u00fchmten Taksim-Platz,<\/strong> dem pulsierenden Herzen der Stadt. Hier k\u00f6nnen Sie die dynamische Atmosph\u00e4re sp\u00fcren, w\u00e4hrend Einheimische und Besucher durch die belebten Stra\u00dfen schlendern, die voller Gesch\u00e4fte, Caf\u00e9s und kultureller Highlights sind.<\/p>\n<ul>\n<li style=\"\"><span>Private F\u00fchrung<\/span><\/li>\n<li style=\"\">                    <span>Sofortige Best\u00e4tigung<\/span><\/li>\n<li style=\"\"><span>Live-Guide<\/span><\/li>\n<li style=\"\"><span>Kostenlose Stornierung bis zu 24 Stunden vorab<\/span><\/li>\n<\/ul>\n<h2 data-kb-block=\"kb-adv-heading3012_377742-2f\">Inbegriffen<\/h2>\n<ul>\n<li><span>Englischsprachiger Guide<\/span><\/li>\n<li><span>Online-Zahlung m\u00f6glich<\/span><\/li>\n<li><span>WhatsApp-Chat-Unterst\u00fctzung<\/span><\/li>\n<\/ul>\n<h2>Was nicht enthalten ist<\/h2>\n<ul>\n<li style=\"\"><span>Skip-the-line-Zugang bei Sicherheitskontrollen und Ausstellungen<\/span><\/li>\n<\/ul>\n<h2>Wichtige Informationen<\/h2>\n<ul>\n<li><span><strong><strong>Preis<\/strong>:&nbsp;<\/strong>Die Tour kostet 170 \u20ac f\u00fcr bis zu 8 Personen und 200 \u20ac f\u00fcr Gruppen von 8 bis 15 Personen. F\u00fcr gr\u00f6\u00dfere Gruppen kontaktieren Sie uns bitte vorab \u00fcber unser <a href=\"#lg-m4v1shny\" jump-animation=\"smooth\" style=\"outline: none;\" data-lt-tmp-id=\"lt-386790\" spellcheck=\"false\">Kontaktformular<\/a> oder per E-Mail.<\/span><\/li>\n<li><span><strong><strong><strong>Startzeit<\/strong><\/strong>:&nbsp;<\/strong>10:00 Uhr<\/span><\/li>\n<li><span><strong><strong><strong>Dauer<\/strong><\/strong>:&nbsp;<\/strong>5 Stunden oder mehr, je nach Transportmittel<\/span><\/li>\n<li><span><strong><strong><strong>Bezahlung<\/strong><\/strong>:<\/strong> Online mit Karte<\/span><\/li>\n<li><span><strong><strong><strong>Stornierungsbedingungen<\/strong><\/strong>:&nbsp;<\/strong>Sie k\u00f6nnen bis zu 24 Stunden vor Tourbeginn kostenlos stornieren.<\/span><\/li>\n<\/ul>\n<h2>Beschreibung:<\/h2>\n<p>Von Taksim aus geht es ins <strong>historische Galata-Viertel,&nbsp;<\/strong>ein charmantes Gebiet voller Geschichte und Kultur. Lassen Sie sich vom&nbsp;<strong>mittelalterlichen<\/strong>&nbsp;<strong>Galataturm<\/strong>&nbsp;verzaubern, einem Symbol der reichen Geschichte Istanbuls. Schlendern Sie durch die engen Gassen, gespickt mit farbenfroher Street-Art und gem\u00fctlichen Boutiquen.<\/p>\n<p>Bei dem privaten Stadtrundgang erhalten Sie einen&nbsp;<strong>authentischen Einblick in das Herz Istanbuls<\/strong>&nbsp;und erfahren mehr \u00fcber die faszinierenden Geschichten und Geheimnisse von Taksim und Galata. Erkunden Sie die ikonischen Wahrzeichen der beiden Viertel und erleben Sie die Kultur der Einheimischen hautnah.&nbsp;<\/p>\n<p>Genie\u00dfen Sie traditionelle t\u00fcrkische K\u00f6stlichkeiten auf den<strong>&nbsp;lebhaften M\u00e4rkten,<\/strong>&nbsp;trinken Sie duftenden Tee in&nbsp;<strong>historischen Teeh\u00e4usern&nbsp;<\/strong>und kommen Sie mit Einheimischen ins Gespr\u00e4ch, um das wahre Istanbul kennenzulernen. Unsere private F\u00fchrung durch Taksim und Galata verspricht Ihnen ein unvergessliches Erlebnis.<\/p>\n<h2 data-kb-block=\"kb-adv-heading3012_b5ae58-6b\">Private F\u00fchrung durch Taksim und Galata: Highlights<\/h2>\n<ul>\n<li style=\"\"><!--! Font Awesome Free 6.7.1 by @fontawesome - https:\/\/fontawesome.com License - https:\/\/fontawesome.com\/license\/free (Icons: CC BY 4.0, Fonts: SIL OFL 1.1, Code: MIT License) Copyright 2024 Fonticons, Inc. --><span>Gestalten Sie Ihre private F\u00fchrung durch die pulsierenden Viertel Taksim und Galata ganz nach Ihren W\u00fcnschen.<\/span><\/li>\n<li style=\"\"><!--! Font Awesome Free 6.7.1 by @fontawesome - https:\/\/fontawesome.com License - https:\/\/fontawesome.com\/license\/free (Icons: CC BY 4.0, Fonts: SIL OFL 1.1, Code: MIT License) Copyright 2024 Fonticons, Inc. --><span>Tauchen Sie ein in eine 5-st\u00fcndige Tour, die Ihnen die Essenz dieser faszinierenden Stadtteile n\u00e4herbringt.<\/span><\/li>\n<li style=\"\"><!--! Font Awesome Free 6.7.1 by @fontawesome - https:\/\/fontawesome.com License - https:\/\/fontawesome.com\/license\/free (Icons: CC BY 4.0, Fonts: SIL OFL 1.1, Code: MIT License) Copyright 2024 Fonticons, Inc. --><span>Erkunden Sie die wichtigsten Sehensw\u00fcrdigkeiten in Taksim und Galata, von symboltr\u00e4chtigen Wahrzeichen bis hin zu versteckten Juwelen.<\/span><\/li>\n<li style=\"\"><!--! Font Awesome Free 6.7.1 by @fontawesome - https:\/\/fontawesome.com License - https:\/\/fontawesome.com\/license\/free (Icons: CC BY 4.0, Fonts: SIL OFL 1.1, Code: MIT License) Copyright 2024 Fonticons, Inc. --><span>Entscheiden Sie sich f\u00fcr die optionale Abholung vom Hotel mit \u00f6ffentlichen Verkehrsmitteln f\u00fcr zus\u00e4tzlichen Komfort.<\/span><\/li>\n<li style=\"\"><!--! Font Awesome Free 6.7.1 by @fontawesome - https:\/\/fontawesome.com License - https:\/\/fontawesome.com\/license\/free (Icons: CC BY 4.0, Fonts: SIL OFL 1.1, Code: MIT License) Copyright 2024 Fonticons, Inc. --><span>Die Kosten f\u00fcr die \u00f6ffentlichen Verkehrsmittel sind in Ihrem Tourpreis enthalten, sodass Sie sich um nichts k\u00fcmmern m\u00fcssen.<\/span><\/li>\n<\/ul>\n<h2 data-kb-block=\"kb-adv-heading3012_50c2b0-fe\">Route der privaten F\u00fchrung durch Taksim und Galata<\/h2>\n<ul>\n<li>Wahlweise Abholung vom Hotel oder am Treffpunkt vor der&nbsp;<a href=\"https:\/\/maps.app.goo.gl\/g1G6iw396o27N7BJ8\" rel=\"nofollow noopener\" target=\"_blank\" style=\"outline: none;\">monumentalen Skulptur in der Mitte des Taksim-Platzes (Denkmal der Republik)<\/a>. Fahren Sie daf\u00fcr mit der Metro-Linie M2 bis zur Station Taksim. Das Denkmal befindet sich direkt in der Mitte des Platzes.&nbsp;<\/li>\n<li>Denkmal der Republik (Cumhuriyet An\u0131t\u0131)<\/li>\n<li>Hagia Triada Kirche<\/li>\n<li><strong>Istiklal-Stra\u00dfe<\/strong><\/li>\n<li>Madame Tussauds Istanbul (optionaler Besuch; Preis ca. 25 \u20ac)<\/li>\n<li>Blumenpassage (\u00c7i\u00e7ek Pasaj\u0131)<\/li>\n<li>Fischmarkt<\/li>\n<li>Nevizade-Stra\u00dfe<\/li>\n<li>Galatasaray-Gymnasium<\/li>\n<li>Pera-Palast und Atat\u00fcrks Schlafzimmer (optional)<\/li>\n<li>Mittagessen oder Erfrischungspause (optional; auf eigene Kosten)<\/li>\n<li>Basilika St. Antonius<\/li>\n<li>Santa Maria Draperis Kirche<\/li>\n<\/ul>\n<ul>\n<li>Salt Beyoglu Museum f\u00fcr moderne Kunst (optional)<\/li>\n<li>Historische Konsulatsgeb\u00e4ude der Niederlande, Schwedens und Russlands<\/li>\n<li>Asmal\u0131mescit-Viertel (Barstra\u00dfe)<\/li>\n<li>Museum der Illusionen (optional; Preis ca. 20\u20ac)<\/li>\n<li><strong>Galataturm<\/strong>&nbsp;(optionaler kostenpflichtiger Eintritt; ca. 20\u20ac)<\/li>\n<li>Galata Mevlevihane Museum (optional; Preis 10\u20ac)<\/li>\n<li>T\u00fcnel-Platz<\/li>\n<li>Stra\u00dfe mit Musikinstrumentengesch\u00e4ften<\/li>\n<li>Antike Mauern von Galata<\/li>\n<li>Camondo-Treppe<\/li>\n<li>Ende der Tour an der Karak\u00f6y Stra\u00dfenbahnstation<\/li>\n<li><strong>Zus\u00e4tzliche Orte:&nbsp;<\/strong>Besuchen Sie zus\u00e4tzliche Sehensw\u00fcrdigkeiten, sofern Zeit und Planung es zulassen.<\/li>\n<\/ul>\n<h2 data-kb-block=\"kb-adv-heading3012_cb45a1-45\">Wissenswerte Hinweise<\/h2>\n<ul>\n<li dir=\"ltr\"><strong><strong><strong><strong><strong><strong><strong><strong><strong><strong><strong>Kleidungstipps<\/strong><\/strong><\/strong><\/strong><\/strong><\/strong><\/strong><\/strong><\/strong><\/strong><\/strong><strong>:&nbsp;<\/strong>Da die Tour haupts\u00e4chlich im Freien stattfindet, pr\u00fcfen Sie bitte die Wettervorhersage und kleiden Sie sich entsprechend.<\/li>\n<li dir=\"ltr\"><strong><strong><strong><strong><strong><strong><strong><strong>Geschlossene Tage<\/strong><\/strong><\/strong><\/strong><\/strong><\/strong><\/strong><\/strong><strong>:<\/strong> Die <strong>Kirchen<\/strong> k\u00f6nnen w\u00e4hrend der Sonntagsgottesdienste und an Feiertagen wie Ostern oder Weihnachten sowie bei unvorhergesehenen Hochzeiten vor\u00fcbergehend geschlossen sein. In solchen F\u00e4llen wird Ihr Reiseleiter daf\u00fcr sorgen, dass die Tour trotzdem spannend bleibt, indem er entweder mehr Zeit an anderen Sehensw\u00fcrdigkeiten verbringt oder mit Ihrer Zustimmung alternative Orte in den Plan aufnimmt.<\/li>\n<li dir=\"ltr\"><strong><strong><strong><strong>Nicht inbegriffen<\/strong><\/strong><\/strong><\/strong><strong>:<\/strong> Eintrittskarten und Essen sind nicht inbegriffen.<\/li>\n<\/ul>\n<h2>Stornierungspolitik<\/h2>\n<p dir=\"ltr\">Kostenlose Stornierung bis zu 24 Stunden vor Beginn der Tour.<\/p>\n<h3>Treffpunkt<\/h3>\n<p>Wahlweise Abholung vom Hotel oder am&nbsp;<a href=\"https:\/\/maps.app.goo.gl\/g1G6iw396o27N7BJ8\" rel=\"nofollow noopener\" target=\"_blank\" style=\"outline: none;\">Treffpunkt vor der monumentalen Skulptur in der Mitte des Taksim-Platzes&nbsp;<\/a><strong><a href=\"https:\/\/maps.app.goo.gl\/g1G6iw396o27N7BJ8\" rel=\"nofollow noopener\" target=\"_blank\">(Denkmal der Republik)<\/a>.<\/strong> Sie erreichen den Platz mit der Metrolinie M2. Steigen Sie an der Station Taksim aus. Das riesige Denkmal befindet sich direkt in der Mitte des Platzes.&nbsp;<\/p>\n<p><a data-lt-tmp-id=\"lt-618857\" href=\"https:\/\/maps.app.goo.gl\/g1G6iw396o27N7BJ8\" rel=\"nofollow noopener\" spellcheck=\"false\" target=\"_blank\" style=\"outline: none;\">In Google Maps \u00f6ffnen<\/a><\/p>\n<h2>Bewertungen<\/h2>\n<p><strong>5\/ 5<\/strong><\/p>\n<p dir=\"ltr\">\u201eEs war eine wirklich sch\u00f6ne Tour. Unser F\u00fchrer gab uns viele n\u00fctzliche Informationen.\u201c Natalia, M\u00e4r. 2024, Deutschland [Quelle: WalkingToursIstanbul]<\/p>\n<h2 data-kb-block=\"kb-adv-heading3012_746fbf-cd\">Warum sich f\u00fcr unsere private F\u00fchrung durch Taksim und Galata entscheiden?<\/h2>\n<ul>\n<li><span><strong><strong><strong><strong>Erfahrene lokale Guides<\/strong><\/strong><\/strong>:&nbsp;<\/strong>Unsere Touren werden von sachkundigen und leidenschaftlichen Einheimischen gef\u00fchrt, die Ihnen exklusive Einblicke in die Geschichte, Kultur und versteckten Sch\u00e4tze von Taksim und Galata bieten.<\/span><\/li>\n<li><span><strong><strong><strong><strong><strong><strong>Individuell gestaltbare Reiseroute<\/strong><\/strong><\/strong><\/strong><\/strong>:&nbsp;<\/strong>Genie\u00dfen Sie eine private Tour, die auf Ihre Interessen und Vorlieben zugeschnitten ist. Entdecken Sie diese pulsierenden Stadtteile auf eine individuelle Weise.<\/span><\/li>\n<li><span><strong><strong><strong><strong><strong>Flexibilit\u00e4t:&nbsp;<\/strong><\/strong><\/strong><\/strong><\/strong>Mit einer anpassbaren Reiseroute und einer Dauer von 5 Stunden haben Sie die Freiheit, die Stadt in Ihrem eigenen Tempo zu erkunden und Ihre Tour individuell zu gestalten.<\/span><\/li>\n<li><span><strong><strong><strong><strong><strong><strong><strong>Umfassende Erkundung<\/strong><\/strong><\/strong><\/strong><\/strong><\/strong>:&nbsp;<\/strong>Unsere Tour deckt die wichtigsten Sehensw\u00fcrdigkeiten in Taksim und Galata ab. Wir stellen sicher, dass Sie keine der ber\u00fchmten Wahrzeichen oder verborgenen Sch\u00e4tze verpassen.<\/span><\/li>\n<li><span><strong><strong><strong><strong><strong><strong><strong><strong>Transportkosten inklusive<\/strong><\/strong><\/strong><\/strong><\/strong><\/strong><\/strong>:&nbsp;<\/strong>Die Kosten f\u00fcr die \u00f6ffentlichen Verkehrsmittel sind in Ihrem Tourpreis enthalten.<\/span><\/li>\n<li><span><strong><strong><strong><strong><strong><strong><strong><strong>Transportkosten inklusive<\/strong><\/strong><\/strong><\/strong><\/strong><\/strong><\/strong>:&nbsp;<\/strong>Die Kosten f\u00fcr die \u00f6ffentlichen Verkehrsmittel sind in Ihrem Tourpreis enthalten.<\/span><\/li>\n<li><span><strong><strong><strong><strong><strong><strong><strong><strong>Unvergessliches Erlebnis<\/strong><\/strong><\/strong><\/strong><\/strong><\/strong><\/strong>:&nbsp;<\/strong>Tauchen Sie ein in die reiche Geschichte, pulsierende Kultur und atemberaubende Architektur von Taksim und Galata und schaffen Sie unvergessliche Erinnerungen, die ein Leben lang halten.<\/span><\/li>\n<\/ul>\n<h2 data-kb-block=\"kb-adv-heading3012_39278a-22\">H\u00e4ufig gestellte Fragen: Private F\u00fchrung durch Taksim und Galata<\/h2>\n<p><a href=\"https:\/\/walking-tours-istanbul.com\/de\/stadtrundgang-istanbul-asiatische-seite\/\" style=\"outline: none;\"><strong>&nbsp;<\/strong>&gt;&gt; Suchen Sie nur nach einem Rundgang durch die asiatische Seite der Stadt? Dann werfen Sie einen Blick auf unseren alternativen Stadtrundgang durch die asiatischen Seite.<\/a><\/p>\n<p><a href=\"https:\/\/walking-tours-istanbul.com\/de\/free-walking-tour-istanbul\/\" style=\"outline: none;\" data-lt-tmp-id=\"lt-410611\" spellcheck=\"false\">&gt;&gt; Kleines Budget? Entdecken Sie unsere kostenlose Free Walking Tour durch Istanbul.<\/a><\/p>\n<\/p>\n<h2 style=\"\"><strong>Zur Buchung&nbsp;<\/strong><\/h2>\n<h2 style=\"\">Ab&nbsp;<span style=\"font-size: 36px !important;\">170 \u20ac<\/span><\/h2>\n","protected":false},"excerpt":{"rendered":"<p>Private F\u00fchrung durch Taksim und Galata Reservieren&nbsp; aus&nbsp;170\u20ac Begeben Sie sichnauf eine faszinierende Reise durch&nbsp;die&nbsp;geschichtstr\u00e4chtigen Viertel Taksim und Galata,&nbsp;wo Istanbuls glanzvolle Vergangenheit auf die lebendige Gegenwart trifft. Wir starten unsere privaten F\u00fchrung&nbsp;am ber\u00fchmten Taksim-Platz, dem pulsierenden Herzen der Stadt. Hier k\u00f6nnen Sie die dynamische Atmosph\u00e4re sp\u00fcren, w\u00e4hrend Einheimische und Besucher durch die belebten Stra\u00dfen schlendern, [&hellip;]<\/p>\n","protected":false},"author":8,"featured_media":4048,"parent":0,"menu_order":0,"comment_status":"closed","ping_status":"closed","template":"","meta":{"footnotes":""},"class_list":["post-4179","page","type-page","status-publish","has-post-thumbnail","hentry","post-wrapper","thrv_wrapper"],"wp-worthy-pixel":{"ignored":false,"public":null,"server":null,"url":null},"wp-worthy-type":"normal","_links":{"self":[{"href":"https:\/\/walking-tours-istanbul.com\/de\/wp-json\/wp\/v2\/pages\/4179","targetHints":{"allow":["GET"]}}],"collection":[{"href":"https:\/\/walking-tours-istanbul.com\/de\/wp-json\/wp\/v2\/pages"}],"about":[{"href":"https:\/\/walking-tours-istanbul.com\/de\/wp-json\/wp\/v2\/types\/page"}],"author":[{"embeddable":true,"href":"https:\/\/walking-tours-istanbul.com\/de\/wp-json\/wp\/v2\/users\/8"}],"replies":[{"embeddable":true,"href":"https:\/\/walking-tours-istanbul.com\/de\/wp-json\/wp\/v2\/comments?post=4179"}],"version-history":[{"count":9,"href":"https:\/\/walking-tours-istanbul.com\/de\/wp-json\/wp\/v2\/pages\/4179\/revisions"}],"predecessor-version":[{"id":4332,"href":"https:\/\/walking-tours-istanbul.com\/de\/wp-json\/wp\/v2\/pages\/4179\/revisions\/4332"}],"wp:featuredmedia":[{"embeddable":true,"href":"https:\/\/walking-tours-istanbul.com\/de\/wp-json\/wp\/v2\/media\/4048"}],"wp:attachment":[{"href":"https:\/\/walking-tours-istanbul.com\/de\/wp-json\/wp\/v2\/media?parent=4179"}],"curies":[{"name":"wp","href":"https:\/\/api.w.org\/{rel}","templated":true}]}}