{"id":4166,"date":"2024-12-19T14:32:31","date_gmt":"2024-12-19T14:32:31","guid":{"rendered":"https:\/\/walking-tours-istanbul.com\/alternative-old-town-istanbul-private-tour\/"},"modified":"2024-12-27T14:30:36","modified_gmt":"2024-12-27T14:30:36","slug":"alternative-stadtfuhrung-durch-istanbuls-altstadt","status":"publish","type":"page","link":"https:\/\/walking-tours-istanbul.com\/de\/alternative-stadtfuhrung-durch-istanbuls-altstadt\/","title":{"rendered":"Alternative Stadtf\u00fchrung durch Istanbuls Altstadt"},"content":{"rendered":"<p><span><img decoding=\"async\" alt=\"\" data-id=\"4052\" width=\"900\" height=\"608\" title=\"Alternative Old Town 1\" src=\"https:\/\/walking-tours-istanbul.com\/wp-content\/uploads\/2024\/12\/Alternative-Old-Town-1-e1734617268412.webp\" data-src=\"https:\/\/walking-tours-istanbul.com\/wp-content\/uploads\/2024\/12\/Alternative-Old-Town-1-e1734617268412-300x203.webp\" loading=\"lazy\" data-sizes=\"{&quot;thumbnail&quot;:{&quot;url&quot;:&quot;https:\/\/walking-tours-istanbul.com\/wp-content\/uploads\/2024\/12\/Alternative-Old-Town-1-e1734617268412-150x150.webp&quot;,&quot;height&quot;:150,&quot;width&quot;:150,&quot;orientation&quot;:&quot;landscape&quot;},&quot;medium&quot;:{&quot;url&quot;:&quot;https:\/\/walking-tours-istanbul.com\/wp-content\/uploads\/2024\/12\/Alternative-Old-Town-1-e1734617268412-300x203.webp&quot;,&quot;height&quot;:203,&quot;width&quot;:300,&quot;orientation&quot;:&quot;landscape&quot;},&quot;full&quot;:{&quot;url&quot;:&quot;https:\/\/walking-tours-istanbul.com\/wp-content\/uploads\/2024\/12\/Alternative-Old-Town-1-e1734617268412.webp&quot;,&quot;height&quot;:608,&quot;width&quot;:900,&quot;orientation&quot;:&quot;landscape&quot;}}\"><\/span><span><img decoding=\"async\" alt=\"\" data-id=\"4054\" width=\"900\" height=\"608\" title=\"Alternative Old Town 2\" src=\"https:\/\/walking-tours-istanbul.com\/wp-content\/uploads\/2024\/12\/Alternative-Old-Town-2-e1734617290407.webp\" data-src=\"https:\/\/walking-tours-istanbul.com\/wp-content\/uploads\/2024\/12\/Alternative-Old-Town-2-e1734617290407-300x203.webp\" loading=\"lazy\" data-sizes=\"{&quot;thumbnail&quot;:{&quot;url&quot;:&quot;https:\/\/walking-tours-istanbul.com\/wp-content\/uploads\/2024\/12\/Alternative-Old-Town-2-e1734617290407-150x150.webp&quot;,&quot;height&quot;:150,&quot;width&quot;:150,&quot;orientation&quot;:&quot;landscape&quot;},&quot;medium&quot;:{&quot;url&quot;:&quot;https:\/\/walking-tours-istanbul.com\/wp-content\/uploads\/2024\/12\/Alternative-Old-Town-2-e1734617290407-300x203.webp&quot;,&quot;height&quot;:203,&quot;width&quot;:300,&quot;orientation&quot;:&quot;landscape&quot;},&quot;full&quot;:{&quot;url&quot;:&quot;https:\/\/walking-tours-istanbul.com\/wp-content\/uploads\/2024\/12\/Alternative-Old-Town-2-e1734617290407.webp&quot;,&quot;height&quot;:608,&quot;width&quot;:900,&quot;orientation&quot;:&quot;landscape&quot;}}\"><\/span><span><img decoding=\"async\" alt=\"\" data-id=\"4056\" width=\"720\" height=\"550\" title=\"Alternative Old Town 3\" src=\"https:\/\/walking-tours-istanbul.com\/wp-content\/uploads\/2024\/12\/Alternative-Old-Town-3-e1734617321629.webp\" data-src=\"https:\/\/walking-tours-istanbul.com\/wp-content\/uploads\/2024\/12\/Alternative-Old-Town-3-e1734617321629-300x229.webp\" loading=\"lazy\" data-sizes=\"{&quot;thumbnail&quot;:{&quot;url&quot;:&quot;https:\/\/walking-tours-istanbul.com\/wp-content\/uploads\/2024\/12\/Alternative-Old-Town-3-e1734617321629-150x150.webp&quot;,&quot;height&quot;:150,&quot;width&quot;:150,&quot;orientation&quot;:&quot;landscape&quot;},&quot;medium&quot;:{&quot;url&quot;:&quot;https:\/\/walking-tours-istanbul.com\/wp-content\/uploads\/2024\/12\/Alternative-Old-Town-3-e1734617321629-300x229.webp&quot;,&quot;height&quot;:229,&quot;width&quot;:300,&quot;orientation&quot;:&quot;landscape&quot;},&quot;full&quot;:{&quot;url&quot;:&quot;https:\/\/walking-tours-istanbul.com\/wp-content\/uploads\/2024\/12\/Alternative-Old-Town-3-e1734617321629.webp&quot;,&quot;height&quot;:550,&quot;width&quot;:720,&quot;orientation&quot;:&quot;landscape&quot;}}\"><\/span><span><img decoding=\"async\" alt=\"\" data-id=\"4058\" width=\"737\" height=\"533\" title=\"Alternative Old Town Route\" src=\"https:\/\/walking-tours-istanbul.com\/wp-content\/uploads\/2024\/12\/Alternative-Old-Town-Route-e1734617342526.webp\" data-src=\"https:\/\/walking-tours-istanbul.com\/wp-content\/uploads\/2024\/12\/Alternative-Old-Town-Route-e1734617342526-300x217.webp\" loading=\"lazy\" data-sizes=\"{&quot;thumbnail&quot;:{&quot;url&quot;:&quot;https:\/\/walking-tours-istanbul.com\/wp-content\/uploads\/2024\/12\/Alternative-Old-Town-Route-e1734617342526-150x150.webp&quot;,&quot;height&quot;:150,&quot;width&quot;:150,&quot;orientation&quot;:&quot;landscape&quot;},&quot;medium&quot;:{&quot;url&quot;:&quot;https:\/\/walking-tours-istanbul.com\/wp-content\/uploads\/2024\/12\/Alternative-Old-Town-Route-e1734617342526-300x217.webp&quot;,&quot;height&quot;:217,&quot;width&quot;:300,&quot;orientation&quot;:&quot;landscape&quot;},&quot;full&quot;:{&quot;url&quot;:&quot;https:\/\/walking-tours-istanbul.com\/wp-content\/uploads\/2024\/12\/Alternative-Old-Town-Route-e1734617342526.webp&quot;,&quot;height&quot;:533,&quot;width&quot;:737,&quot;orientation&quot;:&quot;landscape&quot;}}\"><\/span><span><img decoding=\"async\" alt=\"\" data-id=\"4060\" width=\"600\" height=\"447\" title=\"Alternative Old Town top\" src=\"https:\/\/walking-tours-istanbul.com\/wp-content\/uploads\/2024\/12\/Alternative-Old-Town-top-e1734617366531.jpeg\" data-src=\"https:\/\/walking-tours-istanbul.com\/wp-content\/uploads\/2024\/12\/Alternative-Old-Town-top-e1734617366531-300x224.jpeg\" loading=\"lazy\" data-sizes=\"{&quot;thumbnail&quot;:{&quot;url&quot;:&quot;https:\/\/walking-tours-istanbul.com\/wp-content\/uploads\/2024\/12\/Alternative-Old-Town-top-e1734617366531-150x150.jpeg&quot;,&quot;height&quot;:150,&quot;width&quot;:150,&quot;orientation&quot;:&quot;landscape&quot;},&quot;medium&quot;:{&quot;url&quot;:&quot;https:\/\/walking-tours-istanbul.com\/wp-content\/uploads\/2024\/12\/Alternative-Old-Town-top-e1734617366531-300x224.jpeg&quot;,&quot;height&quot;:224,&quot;width&quot;:300,&quot;orientation&quot;:&quot;landscape&quot;},&quot;full&quot;:{&quot;url&quot;:&quot;https:\/\/walking-tours-istanbul.com\/wp-content\/uploads\/2024\/12\/Alternative-Old-Town-top-e1734617366531.jpeg&quot;,&quot;height&quot;:447,&quot;width&quot;:600,&quot;orientation&quot;:&quot;landscape&quot;},&quot;1536x1536&quot;:{&quot;url&quot;:&quot;https:\/\/walking-tours-istanbul.com\/wp-content\/uploads\/2024\/12\/Alternative-Old-Town-top-1536x1151.jpeg&quot;,&quot;height&quot;:1151,&quot;width&quot;:1536,&quot;orientation&quot;:&quot;landscape&quot;}}\"><\/span><span><img decoding=\"async\" alt=\"\" data-id=\"4062\" width=\"949\" height=\"608\" title=\"Alternative Old Town\" src=\"https:\/\/walking-tours-istanbul.com\/wp-content\/uploads\/2024\/12\/Alternative-Old-Town-e1734617392147.webp\" data-src=\"https:\/\/walking-tours-istanbul.com\/wp-content\/uploads\/2024\/12\/Alternative-Old-Town-e1734617392147-300x192.webp\" loading=\"lazy\" data-sizes=\"{&quot;thumbnail&quot;:{&quot;url&quot;:&quot;https:\/\/walking-tours-istanbul.com\/wp-content\/uploads\/2024\/12\/Alternative-Old-Town-e1734617392147-150x150.webp&quot;,&quot;height&quot;:150,&quot;width&quot;:150,&quot;orientation&quot;:&quot;landscape&quot;},&quot;medium&quot;:{&quot;url&quot;:&quot;https:\/\/walking-tours-istanbul.com\/wp-content\/uploads\/2024\/12\/Alternative-Old-Town-e1734617392147-300x192.webp&quot;,&quot;height&quot;:192,&quot;width&quot;:300,&quot;orientation&quot;:&quot;landscape&quot;},&quot;full&quot;:{&quot;url&quot;:&quot;https:\/\/walking-tours-istanbul.com\/wp-content\/uploads\/2024\/12\/Alternative-Old-Town-e1734617392147.webp&quot;,&quot;height&quot;:608,&quot;width&quot;:949,&quot;orientation&quot;:&quot;landscape&quot;}}\"><\/span><\/p>\n<h2 data-kb-block=\"kb-adv-heading3002_a95087-2b\">Alternative Stadtf\u00fchrung durch Istanbuls Altstadt<\/h2>\n<h2><strong>Reservieren&nbsp;<\/strong><\/h2>\n<h2 style=\"\">aus&nbsp;<span style=\"font-size: 36px !important;\">170\u20ac<\/span><\/h2>\n<p dir=\"ltr\">Erleben Sie Istanbul abseits der typischen Touristenpfade mit unserer alternativen Stadtf\u00fchrung durch Istanbuls Altstadt. Die private F\u00fchrung zeigt Ihnen die Stadt, wie sie die Einheimischen sehen. Begleitet von einem ortskundigen, englischsprachigen Guide entdecken Sie&nbsp;<strong>verborgene Sch\u00e4tze und h\u00f6ren Geschichten, die nicht in Reisef\u00fchrern zu finden<\/strong> sind.<\/p>\n<ul>\n<li style=\"\"><span>Private F\u00fchrung<\/span><\/li>\n<li style=\"\">                    <span>Sofortige Best\u00e4tigung<\/span><\/li>\n<li style=\"\"><span>Live-Guide<\/span><\/li>\n<li style=\"\"><span>Kostenlose Stornierung bis zu 24 Stunden vorab<\/span><\/li>\n<\/ul>\n<h2 data-kb-block=\"kb-adv-heading3002_9274c0-95\">Inbegriffen<\/h2>\n<ul>\n<li><span>Englischsprachiger Guide<\/span><\/li>\n<li><span>Online-Zahlung m\u00f6glich<\/span><\/li>\n<li><span>Support \u00fcber WhatsApp-Chat<\/span><\/li>\n<\/ul>\n<h2>Nicht inbegriffen<\/h2>\n<ul>\n<li style=\"\"><span>Skip-the-line-Zugang bei Sicherheitskontrollen und Ausstellungen<\/span><\/li>\n<\/ul>\n<h2>Wichtige Informationen<\/h2>\n<ul>\n<li><span><strong>Preis:&nbsp;<\/strong>170 \u20ac (Festpreis bis 8 Personen), 200 \u20ac (8-15 Personen), f\u00fcr Gruppen \u00fcber 15 Personen bitte vorher \u00fcber <a href=\"#lg-m4v1shny\" jump-animation=\"smooth\" style=\"outline: none;\" data-lt-tmp-id=\"lt-128990\" spellcheck=\"false\">unser Kontaktformular <\/a>oder per E-Mail anfragen.<\/span><\/li>\n<li><span><strong><strong><strong>Startzeit<\/strong><\/strong>:&nbsp;<\/strong>10:00 Uhr<\/span><\/li>\n<li><span><strong><strong><strong>Dauer<\/strong><\/strong>:&nbsp;<\/strong>5 Stunden oder mehr, je nach Transportmittel<\/span><\/li>\n<li><span><strong><strong><strong>Bezahlung<\/strong><\/strong>:<\/strong> Online mit Karte<\/span><\/li>\n<li><span><strong><strong><strong>Stornierungsbedingungen<\/strong><\/strong>:&nbsp;<\/strong>Sie k\u00f6nnen bis zu 24 Stunden vor Tourbeginn kostenlos stornieren.<\/span><\/li>\n<\/ul>\n<h2>Beschreibung:<\/h2>\n<p>Tauchen Sie ein in die lebendige&nbsp;<strong>Street-Art-Szene<\/strong>&nbsp;der Stadt, wo farbenfrohe Wandmalereien und nachdenklich stimmende Graffiti die W\u00e4nde zieren und das kreative Herz von Istanbul pulsieren lassen. Entdecken Sie&nbsp;<strong>quirlige Caf\u00e9s&nbsp;<\/strong>in versteckten Ecken, in denen sich Einheimische treffen, um Geschichten zu erz\u00e4hlen und traditionellen t\u00fcrkischen Tee zu trinken. Erleben Sie&nbsp;<strong>das bunte Treiben lokaler M\u00e4rkte,&nbsp;<\/strong>wo exotische Gew\u00fcrze und frische Produkte Ihre Sinne verf\u00fchren. Treffen Sie auf&nbsp;<strong>Kunsthandwerker<\/strong>, die die \u00fcber Generationen weitergegebenen Traditionen lebendig halten und ihr Handwerk mit Leidenschaft aus\u00fcben.<\/p>\n<p>Bei unserer alternativen Stadtf\u00fchrung durch Istanbuls Altstadt sind die&nbsp;<strong>M\u00f6glichkeiten endlos.<\/strong> Von versteckten Sehensw\u00fcrdigkeiten bis hin zu Geheimtipps unserer Einheimischen sorgen wir daf\u00fcr, dass Ihre Erkundungstour ein authentisches und unvergessliches Erlebnis wird.<\/p>\n<h2 data-kb-block=\"kb-adv-heading3002_6260f9-2d\">Highlights der alternativen Stadtf\u00fchrung durch Istanbuls Altstadt<\/h2>\n<ul>\n<li style=\"\"><!--! Font Awesome Free 6.7.1 by @fontawesome - https:\/\/fontawesome.com License - https:\/\/fontawesome.com\/license\/free (Icons: CC BY 4.0, Fonts: SIL OFL 1.1, Code: MIT License) Copyright 2024 Fonticons, Inc. --><span>Erleben Sie die Vielseitigkeit einer individuell gestaltbaren privaten Tour durch die<strong> weniger bekannten Ecken der Altstadt<\/strong> von Istanbul.<\/span><\/li>\n<li style=\"\"><!--! Font Awesome Free 6.7.1 by @fontawesome - https:\/\/fontawesome.com License - https:\/\/fontawesome.com\/license\/free (Icons: CC BY 4.0, Fonts: SIL OFL 1.1, Code: MIT License) Copyright 2024 Fonticons, Inc. --><span>Genie\u00dfen Sie eine <strong>5-st\u00fcndige private F\u00fchrung, <\/strong>die auf Ihre pers\u00f6nlichen Interessen und Vorlieben zugeschnitten ist.<\/span><\/li>\n<li style=\"\"><!--! Font Awesome Free 6.7.1 by @fontawesome - https:\/\/fontawesome.com License - https:\/\/fontawesome.com\/license\/free (Icons: CC BY 4.0, Fonts: SIL OFL 1.1, Code: MIT License) Copyright 2024 Fonticons, Inc. --><span>Entdecken Sie <strong>v<\/strong><strong>erborgene Sch\u00e4tze <\/strong>und Sehensw\u00fcrdigkeiten in der historischen Altstadt Istanbuls, <strong>abseits der typischen Touristengegenden.<\/strong><\/span><\/li>\n<li style=\"\"><!--! Font Awesome Free 6.7.1 by @fontawesome - https:\/\/fontawesome.com License - https:\/\/fontawesome.com\/license\/free (Icons: CC BY 4.0, Fonts: SIL OFL 1.1, Code: MIT License) Copyright 2024 Fonticons, Inc. --><span>Auf Wunsch k\u00f6nnen Sie sich auch bequem per \u00f6ffentlichen Verkehrsmitteln direkt vom Hotel <strong>abholen lassen.<\/strong><\/span><\/li>\n<li style=\"\"><!--! Font Awesome Free 6.7.1 by @fontawesome - https:\/\/fontawesome.com License - https:\/\/fontawesome.com\/license\/free (Icons: CC BY 4.0, Fonts: SIL OFL 1.1, Code: MIT License) Copyright 2024 Fonticons, Inc. --><span>Die Kosten f\u00fcr die Nutzung der \u00f6ffentlichen Verkehrsmittel sind in Ihrem Tourpreis bereits enthalten, sodass Sie sich<strong> keine Sorgen<\/strong> um zus\u00e4tzliche Kosten machen brauchen.<\/span><\/li>\n<\/ul>\n<h2 data-kb-block=\"kb-adv-heading3002_a6c048-14\">Route der alternativen Stadtf\u00fchrung durch Istanbuls Altstadt<\/h2>\n<ul>\n<li>Optionale Abholung vom Hotel oder am Treffpunkt vor dem&nbsp;<a href=\"https:\/\/maps.app.goo.gl\/MNp5ihbQpBXkHvwu8\" rel=\"nofollow noopener\" target=\"_blank\" style=\"outline: currentcolor;\">Deutschen Brunnen<\/a>&nbsp;im Zentrum der Altstadt (Sultanahmet).<\/li>\n<li>Zisterne der 1001 S\u00e4ulen (optional; Eintritt ca. 10 \u20ac erforderlich)<\/li>\n<li>Osmanischer Friedhof und Mausoleum von&nbsp;Sultan Mahmud II.<\/li>\n<li>Vezir Han, der \u00e4lteste&nbsp;<a href=\"https:\/\/hamam-istanbul.com\/de\/\" rel=\"nofollow noopener\" target=\"_blank\">Hamam<\/a>&nbsp;der T\u00fcrkei sowie die Konstantinss\u00e4ule<\/li>\n<li>Nuruosmaniye-Moschee (barocke osmanische Moschee aus dem 18. Jahrhundert)<\/li>\n<li>Gro\u00dfer Basar und seine versteckten Winkel (der Gro\u00dfe Basar ist sonntags geschlossen)<\/li>\n<li>Corlulu Ali Pascha \u2013 lokales Shisha-Lokal \u2013 und Moschee<\/li>\n<li>Second Hand Book Bazaar (Sonntags geschlossen)<\/li>\n<li>Beyazit-Moschee und Grabmal von Sultan Beyazid II.<\/li>\n<\/ul>\n<ul>\n<li>Beyazit-Platz und Istanbuler Universit\u00e4t<\/li>\n<li>S\u00fcleymaniye-Moschee und Grabmal von Sultan S\u00fcleyman und Hurrem Sultan<\/li>\n<li>Grabmal des Architekten Sinan<\/li>\n<li>Mittagessen oder Verschnaufpause mit Blick auf das Goldene Horn<\/li>\n<li>Lokale M\u00e4rkte in Tahtakale (sonntags geschlossen)<\/li>\n<li>\u00c4gyptischer Basar<\/li>\n<li>Neue Moschee (Yeni Cami) &amp; Hatice Turhan Sultan Grabmal (falls ge\u00f6ffnet)<\/li>\n<li>R\u00fcstem-Pascha-Moschee (ber\u00fchmt f\u00fcr seine blauen Fliesen)<\/li>\n<li>\u00dcberqueren Sie die Galata-Br\u00fccke, den Bosporus und den Aussichtspunkt Goldenes Horn<\/li>\n<li>Ende der Tour an der Stra\u00dfenbahnstation Karak\u00f6y&nbsp;<\/li>\n<li>Jeder zus\u00e4tzliche Stop, den Sie w\u00fcnschen, solange er in die Zeit und Planung der Tour passt.<\/li>\n<\/ul>\n<h2 data-kb-block=\"kb-adv-heading3002_864fdb-74\">Wissenswerte Hinweise<\/h2>\n<ul>\n<li dir=\"ltr\"><strong><strong><strong><strong><strong><strong>Kleidungstipps<\/strong><\/strong><\/strong><\/strong><\/strong><\/strong><strong>:&nbsp;<\/strong>Da die Tour haupts\u00e4chlich im Freien stattfindet, pr\u00fcfen Sie bitte die Wettervorhersage und kleiden Sie sich entsprechend.<\/li>\n<li dir=\"ltr\"><strong><strong><strong><strong><strong><strong><strong><strong>Geschlossene Tage<\/strong><\/strong><\/strong><\/strong><\/strong><\/strong><\/strong><\/strong><strong>:<\/strong> Die Basare und M\u00e4rkte auf dieser Tour, einschlie\u00dflich des Gro\u00dfen Basars, sind sonntags geschlossen. &nbsp;Um dies auszugleichen, wird Ihr Guide Ihre Tour so planen, dass Sie mehr Zeit an anderen Orten verbringen oder andere Stopps hinzuf\u00fcgen.<\/li>\n<li dir=\"ltr\">Moscheen sind w\u00e4hrend des Mittagsgebets am Freitag vor\u00fcbergehend geschlossen.<\/li>\n<li dir=\"ltr\"><strong><strong><strong><strong>Nicht inbegriffen<\/strong><\/strong><\/strong><\/strong><strong>:&nbsp;<\/strong>Eintrittskarten und Essen sind nicht inbegriffen.<\/li>\n<\/ul>\n<h2>Stornierungsbedingungen<\/h2>\n<p dir=\"ltr\">Kostenlose Stornierung bis zu 24 Stunden vor Beginn der Tour.<\/p>\n<h3>Treffpunkt<\/h3>\n<p>Abholung vom Hotel mit \u00f6ffentlichen Verkehrsmitteln oder am Treffpunkt am Deutschen Brunnen in der Altstadt (Sultanahmet). Die Sultanahmet-Haltestelle der Stra\u00dfenbahnlinie T1 ist nur 5 Minuten zu Fu\u00df vom Treffpunkt entfernt. Auf Wunsch organisieren wir gegen eine zus\u00e4tzliche Geb\u00fchr auch gerne einen Mietwagen f\u00fcr Sie. Fragen Sie einfach vor der Buchung nach.<\/p>\n<p><a data-lt-tmp-id=\"lt-618857\" href=\"https:\/\/maps.app.goo.gl\/XuF5jiigh2HxNe7V9\" rel=\"nofollow noopener\" spellcheck=\"false\" target=\"_blank\" style=\"outline: none;\">In Google Maps \u00f6ffnen<\/a><\/p>\n<h2>Bewertungen<\/h2>\n<p><strong>5\/ 5<\/strong><\/p>\n<p dir=\"ltr\">\u201eEs war eine tolle Tour. Der Guide ist sehr freundlich und motiviert. Er gibt viel dazu.\u201c David, April 2024, USA &nbsp;[Quelle: WalkingToursIstanbul]<\/p>\n<h2 data-kb-block=\"kb-adv-heading3002_354d9b-c9\">Warum sich f\u00fcr unsere alternative Stadtf\u00fchrung durch Istanbuls Altstadt entscheiden?<\/h2>\n<ul>\n<li><span><strong><strong><strong>Erfahrene lokale Guides<\/strong><\/strong>:<\/strong> Unsere Touren werden von kenntnisreichen und leidenschaftlichen Einheimischen geleitet, die Ihnen Insider-Einblicke in die weniger bekannten Ecken der Istanbuler Altstadt bieten.<\/span><\/li>\n<li><span><strong><strong><strong><strong>Individuelles Erlebnis<\/strong><\/strong><\/strong>:&nbsp;<\/strong>Genie\u00dfen Sie eine private Tour, die auf Ihre Interessen und Vorlieben zugeschnitten ist und Ihnen eine pers\u00f6nliche und individuelle Erkundung der Stadt erm\u00f6glicht.<\/span><\/li>\n<li><span><strong><strong><strong><strong><strong><strong>Abseits typischer Touristenpfade<\/strong><\/strong><\/strong><\/strong><\/strong>:&nbsp;<\/strong>Entdecken Sie verborgene Sch\u00e4tze, schrullige Caf\u00e9s, Street-Art und charmante lokale M\u00e4rkte, die bei herk\u00f6mmlichen Rundg\u00e4ngen oft \u00fcbersehen werden.<\/span><\/li>\n<li><span><strong><strong><strong><strong><strong><strong><strong><strong>Authentische Begegnungen<\/strong><\/strong><\/strong><\/strong><\/strong><\/strong><\/strong>:&nbsp;<\/strong>Tauchen Sie ein in das Alltagsleben Istanbuls, sprechen Sie mit Handwerkern, K\u00fcnstlern und Einheimischen, um ein tieferes Verst\u00e4ndnis f\u00fcr die Seele Istanbuls zu gewinnen.<\/span><\/li>\n<li><span><strong><strong><strong><strong><strong><strong><strong><strong>Flexibilit\u00e4t<\/strong><\/strong><\/strong><\/strong><\/strong><\/strong><\/strong>:&nbsp;<\/strong>Mit individuell anpassbaren Routen und optionaler Abholung vom Hotel bietet unsere F\u00fchrung Flexibilit\u00e4t und Komfort, um sich Ihrem Zeitplan und Ihren Vorlieben anzupassen.<\/span><\/li>\n<li><span><strong><strong><strong><strong><strong><strong><strong><strong>Unvergessliches Erlebnis<\/strong><\/strong><\/strong><\/strong><\/strong><\/strong><\/strong>:<\/strong> Schaffen Sie unvergessliche Erinnerungen, w\u00e4hrend Sie sich auf eine alternative Entdeckungsreise durch die Istanbuler Altstadt begeben.<\/span><\/li>\n<\/ul>\n<h2 data-kb-block=\"kb-adv-heading3002_da697d-56\">H\u00e4ufig gestellte Fragen zur alternativen Stadtf\u00fchrung durch Istanbuls Altstadt<\/h2>\n<p><a href=\"https:\/\/walking-tours-istanbul.com\/de\/stadtrundgang-istanbul-private-fuhrung-taksim-galata\/\" style=\"outline: currentcolor;\">&gt;&gt; Haben Sie Lust auf einen historischen Spaziergang von Taksim nach Galata? Dann ist der Stadtrundgang durch Taksim &amp; Galata genau der Richtige f\u00fcr Sie.<\/a><\/p>\n<p>&nbsp;<a href=\"https:\/\/walking-tours-istanbul.com\/de\/stadtrundgang-istanbul-asiatische-seite\/\" style=\"outline: currentcolor;\">&gt;&gt; M\u00f6chten Sie die asiatische Seite Istanbuls erkunden? Dann werfen Sie einen Blick auf unseren alternativen Stadtrundgang durch die asiatische Seite Istanbuls.<\/a><\/p>\n<\/p>\n<h2 style=\"\"><strong>Zur Buchung&nbsp;<\/strong><\/h2>\n<h2 style=\"\">Ab&nbsp;<span style=\"font-size: 36px !important;\">170 \u20ac<\/span><\/h2>\n","protected":false},"excerpt":{"rendered":"<p>Alternative Stadtf\u00fchrung durch Istanbuls Altstadt Reservieren&nbsp; aus&nbsp;170\u20ac Erleben Sie Istanbul abseits der typischen Touristenpfade mit unserer alternativen Stadtf\u00fchrung durch Istanbuls Altstadt. Die private F\u00fchrung zeigt Ihnen die Stadt, wie sie die Einheimischen sehen. Begleitet von einem ortskundigen, englischsprachigen Guide entdecken Sie&nbsp;verborgene Sch\u00e4tze und h\u00f6ren Geschichten, die nicht in Reisef\u00fchrern zu finden sind. Private F\u00fchrung Sofortige [&hellip;]<\/p>\n","protected":false},"author":8,"featured_media":4061,"parent":0,"menu_order":0,"comment_status":"closed","ping_status":"closed","template":"","meta":{"footnotes":""},"class_list":["post-4166","page","type-page","status-publish","has-post-thumbnail","hentry","post-wrapper","thrv_wrapper"],"wp-worthy-pixel":{"ignored":false,"public":null,"server":null,"url":null},"wp-worthy-type":"normal","_links":{"self":[{"href":"https:\/\/walking-tours-istanbul.com\/de\/wp-json\/wp\/v2\/pages\/4166","targetHints":{"allow":["GET"]}}],"collection":[{"href":"https:\/\/walking-tours-istanbul.com\/de\/wp-json\/wp\/v2\/pages"}],"about":[{"href":"https:\/\/walking-tours-istanbul.com\/de\/wp-json\/wp\/v2\/types\/page"}],"author":[{"embeddable":true,"href":"https:\/\/walking-tours-istanbul.com\/de\/wp-json\/wp\/v2\/users\/8"}],"replies":[{"embeddable":true,"href":"https:\/\/walking-tours-istanbul.com\/de\/wp-json\/wp\/v2\/comments?post=4166"}],"version-history":[{"count":9,"href":"https:\/\/walking-tours-istanbul.com\/de\/wp-json\/wp\/v2\/pages\/4166\/revisions"}],"predecessor-version":[{"id":4342,"href":"https:\/\/walking-tours-istanbul.com\/de\/wp-json\/wp\/v2\/pages\/4166\/revisions\/4342"}],"wp:featuredmedia":[{"embeddable":true,"href":"https:\/\/walking-tours-istanbul.com\/de\/wp-json\/wp\/v2\/media\/4061"}],"wp:attachment":[{"href":"https:\/\/walking-tours-istanbul.com\/de\/wp-json\/wp\/v2\/media?parent=4166"}],"curies":[{"name":"wp","href":"https:\/\/api.w.org\/{rel}","templated":true}]}}