{"id":4158,"date":"2024-12-19T15:14:09","date_gmt":"2024-12-19T15:14:09","guid":{"rendered":"https:\/\/walking-tours-istanbul.com\/alternative-old-town-istanbul-private-tour-2\/"},"modified":"2024-12-27T14:29:37","modified_gmt":"2024-12-27T14:29:37","slug":"stadtrundgang-istanbul-asiatische-seite","status":"publish","type":"page","link":"https:\/\/walking-tours-istanbul.com\/de\/stadtrundgang-istanbul-asiatische-seite\/","title":{"rendered":"Asiatische Seite Istanbuls"},"content":{"rendered":"<p><span><img decoding=\"async\" alt=\"\" data-id=\"4085\" width=\"1000\" height=\"598\" title=\"Asian Side 1\" src=\"https:\/\/walking-tours-istanbul.com\/wp-content\/uploads\/2024\/12\/Asian-Side-1-1-e1734619254938.webp\" data-src=\"https:\/\/walking-tours-istanbul.com\/wp-content\/uploads\/2024\/12\/Asian-Side-1-1-e1734619254938-300x179.webp\" loading=\"lazy\" data-sizes=\"{&quot;thumbnail&quot;:{&quot;url&quot;:&quot;https:\/\/walking-tours-istanbul.com\/wp-content\/uploads\/2024\/12\/Asian-Side-1-1-e1734619254938-150x150.webp&quot;,&quot;height&quot;:150,&quot;width&quot;:150,&quot;orientation&quot;:&quot;landscape&quot;},&quot;medium&quot;:{&quot;url&quot;:&quot;https:\/\/walking-tours-istanbul.com\/wp-content\/uploads\/2024\/12\/Asian-Side-1-1-e1734619254938-300x179.webp&quot;,&quot;height&quot;:179,&quot;width&quot;:300,&quot;orientation&quot;:&quot;landscape&quot;},&quot;full&quot;:{&quot;url&quot;:&quot;https:\/\/walking-tours-istanbul.com\/wp-content\/uploads\/2024\/12\/Asian-Side-1-1-e1734619254938.webp&quot;,&quot;height&quot;:598,&quot;width&quot;:1000,&quot;orientation&quot;:&quot;landscape&quot;}}\"><\/span><span><img decoding=\"async\" alt=\"\" data-id=\"4087\" width=\"750\" height=\"568\" title=\"Asian Side 2\" src=\"https:\/\/walking-tours-istanbul.com\/wp-content\/uploads\/2024\/12\/Asian-Side-2-1-e1734619274718.webp\" data-src=\"https:\/\/walking-tours-istanbul.com\/wp-content\/uploads\/2024\/12\/Asian-Side-2-1-e1734619274718-300x227.webp\" loading=\"lazy\" data-sizes=\"{&quot;thumbnail&quot;:{&quot;url&quot;:&quot;https:\/\/walking-tours-istanbul.com\/wp-content\/uploads\/2024\/12\/Asian-Side-2-1-e1734619274718-150x150.webp&quot;,&quot;height&quot;:150,&quot;width&quot;:150,&quot;orientation&quot;:&quot;landscape&quot;},&quot;medium&quot;:{&quot;url&quot;:&quot;https:\/\/walking-tours-istanbul.com\/wp-content\/uploads\/2024\/12\/Asian-Side-2-1-e1734619274718-300x227.webp&quot;,&quot;height&quot;:227,&quot;width&quot;:300,&quot;orientation&quot;:&quot;landscape&quot;},&quot;full&quot;:{&quot;url&quot;:&quot;https:\/\/walking-tours-istanbul.com\/wp-content\/uploads\/2024\/12\/Asian-Side-2-1-e1734619274718.webp&quot;,&quot;height&quot;:568,&quot;width&quot;:750,&quot;orientation&quot;:&quot;landscape&quot;}}\"><\/span><span><img decoding=\"async\" alt=\"\" data-id=\"4089\" width=\"750\" height=\"553\" title=\"Asian Side 3\" src=\"https:\/\/walking-tours-istanbul.com\/wp-content\/uploads\/2024\/12\/Asian-Side-3-1-e1734619293649.webp\" data-src=\"https:\/\/walking-tours-istanbul.com\/wp-content\/uploads\/2024\/12\/Asian-Side-3-1-e1734619293649-300x221.webp\" loading=\"lazy\" data-sizes=\"{&quot;thumbnail&quot;:{&quot;url&quot;:&quot;https:\/\/walking-tours-istanbul.com\/wp-content\/uploads\/2024\/12\/Asian-Side-3-1-e1734619293649-150x150.webp&quot;,&quot;height&quot;:150,&quot;width&quot;:150,&quot;orientation&quot;:&quot;landscape&quot;},&quot;medium&quot;:{&quot;url&quot;:&quot;https:\/\/walking-tours-istanbul.com\/wp-content\/uploads\/2024\/12\/Asian-Side-3-1-e1734619293649-300x221.webp&quot;,&quot;height&quot;:221,&quot;width&quot;:300,&quot;orientation&quot;:&quot;landscape&quot;},&quot;full&quot;:{&quot;url&quot;:&quot;https:\/\/walking-tours-istanbul.com\/wp-content\/uploads\/2024\/12\/Asian-Side-3-1-e1734619293649.webp&quot;,&quot;height&quot;:553,&quot;width&quot;:750,&quot;orientation&quot;:&quot;landscape&quot;}}\"><\/span><span><img decoding=\"async\" alt=\"\" data-id=\"4091\" width=\"750\" height=\"652\" title=\"Asian Side Route\" src=\"https:\/\/walking-tours-istanbul.com\/wp-content\/uploads\/2024\/12\/Asian-Side-Route-1-e1734619316865.webp\" data-src=\"https:\/\/walking-tours-istanbul.com\/wp-content\/uploads\/2024\/12\/Asian-Side-Route-1-e1734619316865-300x261.webp\" loading=\"lazy\" data-sizes=\"{&quot;thumbnail&quot;:{&quot;url&quot;:&quot;https:\/\/walking-tours-istanbul.com\/wp-content\/uploads\/2024\/12\/Asian-Side-Route-1-e1734619316865-150x150.webp&quot;,&quot;height&quot;:150,&quot;width&quot;:150,&quot;orientation&quot;:&quot;landscape&quot;},&quot;medium&quot;:{&quot;url&quot;:&quot;https:\/\/walking-tours-istanbul.com\/wp-content\/uploads\/2024\/12\/Asian-Side-Route-1-e1734619316865-300x261.webp&quot;,&quot;height&quot;:261,&quot;width&quot;:300,&quot;orientation&quot;:&quot;landscape&quot;},&quot;full&quot;:{&quot;url&quot;:&quot;https:\/\/walking-tours-istanbul.com\/wp-content\/uploads\/2024\/12\/Asian-Side-Route-1-e1734619316865.webp&quot;,&quot;height&quot;:652,&quot;width&quot;:750,&quot;orientation&quot;:&quot;landscape&quot;}}\"><\/span><span><img decoding=\"async\" alt=\"\" data-id=\"4095\" width=\"750\" height=\"598\" title=\"Asian Side\" src=\"https:\/\/walking-tours-istanbul.com\/wp-content\/uploads\/2024\/12\/Asian-Side-4-e1734619350597.webp\" data-src=\"https:\/\/walking-tours-istanbul.com\/wp-content\/uploads\/2024\/12\/Asian-Side-4-e1734619350597-300x239.webp\" loading=\"lazy\" data-sizes=\"{&quot;thumbnail&quot;:{&quot;url&quot;:&quot;https:\/\/walking-tours-istanbul.com\/wp-content\/uploads\/2024\/12\/Asian-Side-4-e1734619350597-150x150.webp&quot;,&quot;height&quot;:150,&quot;width&quot;:150,&quot;orientation&quot;:&quot;landscape&quot;},&quot;medium&quot;:{&quot;url&quot;:&quot;https:\/\/walking-tours-istanbul.com\/wp-content\/uploads\/2024\/12\/Asian-Side-4-e1734619350597-300x239.webp&quot;,&quot;height&quot;:239,&quot;width&quot;:300,&quot;orientation&quot;:&quot;landscape&quot;},&quot;full&quot;:{&quot;url&quot;:&quot;https:\/\/walking-tours-istanbul.com\/wp-content\/uploads\/2024\/12\/Asian-Side-4-e1734619350597.webp&quot;,&quot;height&quot;:598,&quot;width&quot;:750,&quot;orientation&quot;:&quot;landscape&quot;}}\"><\/span><\/p>\n<h2 data-kb-block=\"kb-adv-heading2999_3ca658-2a\">Alternativer Stadtrundgang durch die asiatische Seite Istanbuls<\/h2>\n<h2><strong>Reservieren<\/strong><\/h2>\n<h2 style=\"\">aus&nbsp;<span style=\"font-size: 36px !important;\">170\u20ac<\/span><\/h2>\n<p dir=\"ltr\">Entdecken Sie eine neue Facette der Megametropole mit unserem alternativen Stadtrundgang durch die asiatische Seite Istanbuls. Bei dieser privaten F\u00fchrung in Englisch&nbsp;<strong>verlassen Sie die \u00fcblichen Touristenpfade&nbsp;<\/strong>und erkunden die lebhaften, authentischen Viertel, die viele Besucher verpassen. Das&nbsp;<strong>6-st\u00fcndige Abenteuer<\/strong> f\u00fchrt Sie durch bezaubernde Stra\u00dfen, alternative Viertel und malerische Uferpromenaden.<\/p>\n<ul>\n<li style=\"\"><span>Private F\u00fchrung<\/span><\/li>\n<li style=\"\">                    <span>Sofortige Best\u00e4tigung<\/span><\/li>\n<li style=\"\"><span>Live-Guide<\/span><\/li>\n<li style=\"\"><span>Kostenlose Stornierung&nbsp;<\/span><\/li>\n<\/ul>\n<h2 data-kb-block=\"kb-adv-heading2999_037fc7-99\">Inbegriffen<\/h2>\n<ul>\n<li><span>Englischsprachiger Reiseleiter<\/span><\/li>\n<li><span>Online Zahlung m\u00f6glich<\/span><\/li>\n<li><span>Support \u00fcber WhatsApp-Chat<\/span><\/li>\n<\/ul>\n<h2>Nicht inbegriffen<\/h2>\n<ul>\n<li style=\"\"><span>Skip-the-line-Zugang bei Sicherheitskontrollen und Ausstellungen<\/span><\/li>\n<\/ul>\n<h2>Wichtige Informationen<\/h2>\n<ul>\n<li><span><strong>Preis:&nbsp;<\/strong>170 \u20ac (Festpreis bis 8 Personen), 200 \u20ac (8-15 Personen), f\u00fcr Gruppen \u00fcber 15 Personen bitte vorher \u00fcber <a href=\"#lg-m4v1shny\" jump-animation=\"smooth\"><strong>unser Kontaktformular<\/strong><\/a> oder per E-Mail anfragen.<\/span><\/li>\n<li><span><strong><strong><strong>Startzeit<\/strong><\/strong>:&nbsp;<\/strong>10:00 Uhr<\/span><\/li>\n<li><span><strong><strong><strong>Dauer:<\/strong><\/strong>&nbsp;<\/strong>6 Stunden oder mehr, je nach Verkehrsmittel<\/span><\/li>\n<li><span><strong><strong><strong>Bezahlung:<\/strong><\/strong><\/strong> Online mit Karte<\/span><\/li>\n<li><span><strong><strong><strong>Stornierungsbedingungen<\/strong><\/strong>:&nbsp;<\/strong>Kostenlose Stornierung bis 24 Stunden vor Beginn der Tour.<\/span><\/li>\n<\/ul>\n<h2>Beschreibung:<\/h2>\n<p>Ihre Erkundungsreise beginnt mit einer<strong>&nbsp;gem\u00fctlichen F\u00e4hrfahrt \u00fcber den Bosporus zum historischen Stadtteil \u00dcsk\u00fcdar,&nbsp;<\/strong>der reich an Geschichte und modernem Charme ist. In \u00dcsk\u00fcdar entdecken Sie majest\u00e4tische Moscheen, historische Wahrzeichen, lebhafte M\u00e4rkte und charmante Teeg\u00e4rten.<\/p>\n<p>Danach geht es weiter in das malerische<strong>&nbsp;Viertel \u00c7engelk\u00f6y,<\/strong>&nbsp;das f\u00fcr seine atemberaubenden Ausblicke auf den Bosporus und die ber\u00fchmten osmanischen Villen bekannt ist. Hier k\u00f6nnen Sie der&nbsp;<strong>Hektik der Stadt entfliehen&nbsp;<\/strong>und die zeitlose Sch\u00f6nheit und Ruhe genie\u00dfen.<\/p>\n<p>Unser sachkundiger Reiseleiter wird Ihnen w\u00e4hrend der Tour faszinierende Einblicke in die&nbsp;<strong>Geschichte, Kultur und Traditionen der asiatischen Seite&nbsp;<\/strong>geben und Ihnen ein tieferes Verst\u00e4ndnis f\u00fcr diese dynamische und vielf\u00e4ltige Ecke Istanbuls vermitteln. Die private F\u00fchrung auf der asiatischen Seite verspricht ein unvergessliches Erlebnis mit bleibenden Erinnerungen!<\/p>\n<h2 data-kb-block=\"kb-adv-heading2999_0d8a56-3c\">Highlights des alternativen Stadtrundgangs durch die asiatische Seite Istanbuls<\/h2>\n<ul>\n<li style=\"\"><!--! Font Awesome Free 6.7.1 by @fontawesome - https:\/\/fontawesome.com License - https:\/\/fontawesome.com\/license\/free (Icons: CC BY 4.0, Fonts: SIL OFL 1.1, Code: MIT License) Copyright 2024 Fonticons, Inc. --><span>Genie\u00dfen Sie eine individuell gestaltbare private Tour, die die <strong>weniger bekannte asiatische Seite Istanbuls erkundet.<\/strong><\/span><\/li>\n<li style=\"\"><!--! Font Awesome Free 6.7.1 by @fontawesome - https:\/\/fontawesome.com License - https:\/\/fontawesome.com\/license\/free (Icons: CC BY 4.0, Fonts: SIL OFL 1.1, Code: MIT License) Copyright 2024 Fonticons, Inc. --><span>Erleben Sie den kulturellen Reichtum des asiatischen Viertels von Istanbul w\u00e4hrend einer gem\u00e4chlichen<strong> 6-Stunden-Tour.<\/strong><\/span><\/li>\n<li style=\"\"><!--! Font Awesome Free 6.7.1 by @fontawesome - https:\/\/fontawesome.com License - https:\/\/fontawesome.com\/license\/free (Icons: CC BY 4.0, Fonts: SIL OFL 1.1, Code: MIT License) Copyright 2024 Fonticons, Inc. --><span>Entdecken Sie den Charme der weniger touristischen asiatischen Seite und finden Sie <strong>v<\/strong><strong>ersteckte Sch\u00e4tze und Attraktionen<\/strong> abseits der \u00fcblichen Touristenpfade.<\/span><\/li>\n<li style=\"\"><!--! Font Awesome Free 6.7.1 by @fontawesome - https:\/\/fontawesome.com License - https:\/\/fontawesome.com\/license\/free (Icons: CC BY 4.0, Fonts: SIL OFL 1.1, Code: MIT License) Copyright 2024 Fonticons, Inc. --><span>Nutzen Sie die <strong>optionale Abholung vom Hotel <\/strong>mit \u00f6ffentlichen Verkehrsmitteln, um Ihre Reise noch stressfreier zu gestalten.<\/span><\/li>\n<li style=\"\"><!--! Font Awesome Free 6.7.1 by @fontawesome - https:\/\/fontawesome.com License - https:\/\/fontawesome.com\/license\/free (Icons: CC BY 4.0, Fonts: SIL OFL 1.1, Code: MIT License) Copyright 2024 Fonticons, Inc. --><span>Die Kosten f\u00fcr die \u00f6ffentlichen Verkehrsmittel sind <strong>im Preis inbegriffen,<\/strong> sodass Sie sich um nichts k\u00fcmmern m\u00fcssen.<\/span><\/li>\n<li><!--! Font Awesome Free 6.7.1 by @fontawesome - https:\/\/fontawesome.com License - https:\/\/fontawesome.com\/license\/free (Icons: CC BY 4.0, Fonts: SIL OFL 1.1, Code: MIT License) Copyright 2024 Fonticons, Inc. --><span>Bewundern Sie die <strong>spektakul\u00e4re Aussicht auf den Bosporus<\/strong> w\u00e4hrend der gesamten Tour und genie\u00dfen Sie unvergessliche Blicke auf Istanbuls ber\u00fchmte Wasserstra\u00dfe.<\/span><\/li>\n<\/ul>\n<h2 data-kb-block=\"kb-adv-heading2999_a2e3c2-17\">Route des alternativen Stadtrundgangs durch die asiatische Seite Istanbuls<\/h2>\n<ul>\n<li><strong>Startpunkt:<\/strong>&nbsp;Optionale Hotelabholung oder Treffen vor dem F\u00e4hranleger Emin\u00f6n\u00fc-\u00dcsk\u00fcdar im Stadtteil Emin\u00f6n\u00fc. Erreichbar mit der Stra\u00dfenbahnlinie T1, Station \u201eEmin\u00f6n\u00fc\u201c, dann 2 Minuten zu Fu\u00df.<\/li>\n<li><strong>F\u00e4hrfahrt<\/strong>: Eine 20-min\u00fctige F\u00e4hrfahrt (inklusive) bringt Sie auf die asiatische Seite nach \u00dcsk\u00fcdar. Von dort geht es mit dem Bus weiter zum Stadtteil \u00c7engelk\u00f6y.<\/li>\n<li><strong>\u00c7engelk\u00f6y<\/strong>: Vom Stadtteil \u00c7engelk\u00f6y aus haben Sie den besten Blick auf den Bosporus.<\/li>\n<li><strong>Wanderung nach Beylerbeyi:<\/strong>&nbsp;2 km (ca. 30 Minuten) zu Fu\u00df oder mit dem Bus entlang der Bosporusk\u00fcste mit malerischen Aussichten.<\/li>\n<li><strong>Beylerbeyi:<\/strong>&nbsp;Entdecken Sie das beeindruckende Viertel Beylerbeyi, das direkt an der Bosporus-Br\u00fccke liegt und fahren Sie weiter zum Beylerbeyi-Palast<\/li>\n<li><strong>Beylerbeyi-Palast:<\/strong>&nbsp;Besuchen Sie den prachtvollen Sommerpalast des Osmanischen Reiches aus dem 19. Jahrhundert (Eintritt 12 \u20ac pro Person, nicht inbegriffen). Der Palast ist montags geschlossen.<\/li>\n<\/ul>\n<ul>\n<li><strong>Kuzguncuk:<\/strong>&nbsp;Weiter in das historische christliche und j\u00fcdische Viertel Kuzguncuk mit seinen bunten Villen am Meer.<\/li>\n<li><strong>Mittagspause:<\/strong>&nbsp;Mittagessen oder Erfrischungspause (optional und selbst zu bezahlen).<\/li>\n<li><strong>\u00dcsk\u00fcdar:<\/strong>&nbsp;Weiter zum alten osmanischen Viertel \u00dcsk\u00fcdar, wo Sie den lokalen Lebensmittelmarkt erkunden.<\/li>\n<li><strong>Lebensmittelmarkt<\/strong>: Erkundung des Lebensmittelmarktes von \u00dcsk\u00fcdar<\/li>\n<li><strong>III. Ahmet-Brunnen<\/strong><\/li>\n<li><strong>Yeni Valide Moschee<\/strong><\/li>\n<li><strong>Mihrimah Sultan Moschee<\/strong><\/li>\n<li><strong>Tourende:<\/strong>&nbsp;Zur\u00fcck zum F\u00e4hranleger auf der asiatischen Seite und \u00dcberfahrt zur\u00fcck zur europ\u00e4ischen Seite, falls gew\u00fcnscht. Ende der Tour.<\/li>\n<li><strong>Zus\u00e4tzliche Stops:<\/strong> Sie k\u00f6nnen zus\u00e4tzliche Orte besuchen, solange sie in die Tourzeit und -planung passen.<\/li>\n<\/ul>\n<h2 data-kb-block=\"kb-adv-heading2999_841032-f3\">Wissenswerte Hinweise<\/h2>\n<ul>\n<li dir=\"ltr\"><strong><strong><strong><strong><strong><strong><strong><strong>Kleidungstipps<\/strong><\/strong><\/strong><\/strong><\/strong><\/strong><\/strong>:&nbsp;<\/strong>Die Tour findet \u00fcberwiegend im Freien statt. Bitte \u00fcberpr\u00fcfen Sie die Wettervorhersage und kleiden Sie sich entsprechend.<\/li>\n<li dir=\"ltr\"><strong><strong><strong><strong><strong><strong><strong><strong>Geschlossene Tage<\/strong><\/strong><\/strong><\/strong><\/strong><\/strong><\/strong><\/strong><strong>:&nbsp;<\/strong>Der Beylerbeyi-Palast ist&nbsp;<strong>montags geschlossen.<\/strong>&nbsp;Um dies auszugleichen, wird Ihr Guide die Tour so anpassen, dass Sie mehr Zeit an anderen Orten verbringen.<\/li>\n<li dir=\"ltr\"><strong>Moscheen<\/strong> sind w\u00e4hrend des Mittagsgebets am Freitag vor\u00fcbergehend geschlossen. Die genaue Zeit variiert je nach Jahreszeit.<\/li>\n<li dir=\"ltr\"><strong><strong><strong><strong>Nicht inbegriffen<\/strong><\/strong><\/strong><\/strong><strong>:&nbsp;<\/strong>Eintrittskarten und Essen sind nicht inbegriffen.<\/li>\n<\/ul>\n<h2>Stornierungsbedingungen<\/h2>\n<p dir=\"ltr\">Kostenlose Stornierung bis zu 24 Stunden vor Beginn der Tour.<\/p>\n<h3>Treffpunkt<\/h3>\n<p>Wahlweise Abholung vom Hotel oder Treffen vor dem <a href=\"https:\/\/maps.app.goo.gl\/2M72QcnFk2sMUwL57\" rel=\"nofollow noopener\" target=\"_blank\" style=\"outline: currentcolor;\">F\u00e4hranleger Emin\u00f6n\u00fc-\u00dcsk\u00fcdar<\/a>&nbsp;im Stadtteil Emin\u00f6n\u00fc. Sie erreichen ihn mit der Stra\u00dfenbahnlinie T1. Steigen Sie an der Haltestelle \u201eEmin\u00f6n\u00fc\u201c aus und gehen dann 2 Minuten zu Fu\u00df.<\/p>\n<\/p>\n<p><a data-lt-tmp-id=\"lt-618857\" href=\"https:\/\/maps.app.goo.gl\/2M72QcnFk2sMUwL57\" rel=\"nofollow noopener\" spellcheck=\"false\" target=\"_blank\" style=\"outline: none;\">In Google Maps \u00f6ffnen<\/a><\/p>\n<h2>Bewertungen<\/h2>\n<p><strong>5\/ 5<\/strong><\/p>\n<p dir=\"ltr\">\u201eAbsolut gro\u00dfartige Zeit! Wunderbare Tour, tolle Beratung und auf jeden Fall eine Reise wert, nur um all die tollen Teile der asiatischen Seite der Stadt zu sehen. Absolute Empfehlung!\u201c JA, Feb. 2024, Porto [Quelle: WalkingToursIstanbul]<\/p>\n<h2 data-kb-block=\"kb-adv-heading2999_f5e90d-05\">Warum sich f\u00fcr unseren alternativen Stadtrundgang durch die asiatische Seite Istanbuls entscheiden?<\/h2>\n<ul>\n<li><span><strong><strong><strong><strong><strong>Lokale Experten<\/strong><\/strong><\/strong><\/strong>:&nbsp;<\/strong>Unsere Touren werden von sachkundigen und leidenschaftlichen Guides gef\u00fchrt, die Ihnen Insider-Einblicke in die weniger bekannte asiatische Seite Istanbuls geben.<\/span><\/li>\n<li><span><strong><strong><strong><strong><strong><strong><strong>Individuelles Erlebnis<\/strong><\/strong><\/strong><\/strong><\/strong><\/strong>:&nbsp;<\/strong>Genie\u00dfen Sie eine private F\u00fchrung, die auf Ihre Interessen und Vorlieben zugeschnitten ist und Ihnen eine individuelle Erkundung der asiatischen Seite erm\u00f6glicht.<\/span><\/li>\n<li><span><strong><strong><strong><strong><strong><strong>Abseits typischer Touristenpfade<\/strong><\/strong><\/strong><\/strong><\/strong>:&nbsp;<\/strong>Entdecken Sie versteckte Juwelen und Attraktionen abseits der typischen Touristenrouten und erhalten Sie so eine authentische Perspektive auf Istanbul.<\/span><\/li>\n<li><span><strong><strong><strong><strong><strong><strong><strong><strong><strong>Bosporus-Aussichten<\/strong><\/strong><\/strong><\/strong><\/strong><\/strong><\/strong><\/strong>:<\/strong> Entdecken Sie versteckte Juwelen und Attraktionen abseits der typischen Touristenrouten und erhalten Sie so eine authentische Perspektive auf Istanbul.<\/span><\/li>\n<li><span><strong><strong><strong><strong><strong><strong><strong><strong><strong><strong><strong><strong><strong><strong><strong><strong><strong>Komfort<\/strong><\/strong><\/strong><\/strong><\/strong><\/strong><\/strong><\/strong><\/strong><\/strong><\/strong><\/strong><\/strong><\/strong><\/strong><\/strong>:&nbsp;<\/strong>Nutzen Sie die optionale Abholung vom Hotel mit \u00f6ffentlichen Verkehrsmitteln und lassen Sie sich von uns die Tickets besorgen, damit Ihre Tour stressfrei und angenehm verl\u00e4uft.<\/span><\/li>\n<li><span><strong><strong><strong><strong><strong><strong><strong><strong>Unvergessliches Erlebnis<\/strong><\/strong><\/strong><\/strong><\/strong><\/strong><\/strong>:&nbsp;<\/strong>Tauchen Sie in die charmanten Stra\u00dfen und Viertel der asiatischen Seite Istanbuls ein und nehmen Sie unvergessliche Erinnerungen mit nach Hause.<\/span><\/li>\n<\/ul>\n<h2 data-kb-block=\"kb-adv-heading2999_0e8452-bb\">H\u00e4ufig gestellte Fragen zum alternativen Stadtrundgang durch die asiatische Seite Istanbuls<\/h2>\n<p><a href=\"https:\/\/walking-tours-istanbul.com\/de\/free-walking-tour-istanbul\/\" style=\"outline: none;\" data-lt-tmp-id=\"lt-335331\" spellcheck=\"false\">&gt;&gt; Kleines Budget? Entdecken Sie unsere kostenlose Free Walking Tour durch Istanbul.<\/a><\/p>\n<p><a href=\"https:\/\/walking-tours-istanbul.com\/de\/stadtrundgang-istanbul-private-fuhrung-taksim-galata\/\" style=\"outline: none;\">&gt;&gt; Haben Sie Lust auf einen historischen Spaziergang von Taksim nach Galata? Dann ist die private F\u00fchrung durch Taksim und Galata genau die Richtige f\u00fcr Sie.<\/a><\/p>\n<\/p>\n<h2 style=\"\"><strong>Zur Buchung&nbsp;<\/strong><\/h2>\n<h2 style=\"\">Ab&nbsp;<span style=\"font-size: 36px !important;\">170 \u20ac<\/span><\/h2>\n","protected":false},"excerpt":{"rendered":"<p>Alternativer Stadtrundgang durch die asiatische Seite Istanbuls Reservieren aus&nbsp;170\u20ac Entdecken Sie eine neue Facette der Megametropole mit unserem alternativen Stadtrundgang durch die asiatische Seite Istanbuls. Bei dieser privaten F\u00fchrung in Englisch&nbsp;verlassen Sie die \u00fcblichen Touristenpfade&nbsp;und erkunden die lebhaften, authentischen Viertel, die viele Besucher verpassen. Das&nbsp;6-st\u00fcndige Abenteuer f\u00fchrt Sie durch bezaubernde Stra\u00dfen, alternative Viertel und malerische [&hellip;]<\/p>\n","protected":false},"author":8,"featured_media":4096,"parent":0,"menu_order":0,"comment_status":"closed","ping_status":"closed","template":"","meta":{"footnotes":""},"class_list":["post-4158","page","type-page","status-publish","has-post-thumbnail","hentry","post-wrapper","thrv_wrapper"],"wp-worthy-pixel":{"ignored":false,"public":null,"server":null,"url":null},"wp-worthy-type":"normal","_links":{"self":[{"href":"https:\/\/walking-tours-istanbul.com\/de\/wp-json\/wp\/v2\/pages\/4158","targetHints":{"allow":["GET"]}}],"collection":[{"href":"https:\/\/walking-tours-istanbul.com\/de\/wp-json\/wp\/v2\/pages"}],"about":[{"href":"https:\/\/walking-tours-istanbul.com\/de\/wp-json\/wp\/v2\/types\/page"}],"author":[{"embeddable":true,"href":"https:\/\/walking-tours-istanbul.com\/de\/wp-json\/wp\/v2\/users\/8"}],"replies":[{"embeddable":true,"href":"https:\/\/walking-tours-istanbul.com\/de\/wp-json\/wp\/v2\/comments?post=4158"}],"version-history":[{"count":14,"href":"https:\/\/walking-tours-istanbul.com\/de\/wp-json\/wp\/v2\/pages\/4158\/revisions"}],"predecessor-version":[{"id":4341,"href":"https:\/\/walking-tours-istanbul.com\/de\/wp-json\/wp\/v2\/pages\/4158\/revisions\/4341"}],"wp:featuredmedia":[{"embeddable":true,"href":"https:\/\/walking-tours-istanbul.com\/de\/wp-json\/wp\/v2\/media\/4096"}],"wp:attachment":[{"href":"https:\/\/walking-tours-istanbul.com\/de\/wp-json\/wp\/v2\/media?parent=4158"}],"curies":[{"name":"wp","href":"https:\/\/api.w.org\/{rel}","templated":true}]}}