{"id":4130,"date":"2024-08-28T09:24:21","date_gmt":"2024-08-28T09:24:21","guid":{"rendered":"https:\/\/walking-tours-istanbul.com\/walking-tours-istanbul\/"},"modified":"2025-07-09T14:09:14","modified_gmt":"2025-07-09T14:09:14","slug":"walking-tours-istanbul","status":"publish","type":"page","link":"https:\/\/walking-tours-istanbul.com\/de\/","title":{"rendered":"Stadtrundg\u00e4nge durch Istanbul"},"content":{"rendered":"<h2 style=\"text-shadow: rgba(0, 0, 0, 0.6) 2px 2px 2px;\"><strong><strong><strong><strong>Stadtrundg\u00e4nge durch Istanbul<\/strong><\/strong><\/strong><\/strong><\/h2>\n<p style=\"\"><strong><strong>Die beste M\u00f6glichkeit, Istanbul zu entdecken!<\/strong><\/strong><\/p>\n<h2 style=\"\"><strong><strong><strong>Free Walking Tour auf&nbsp;<strong><strong><strong>Trinkgeldbasis<\/strong><\/strong><\/strong><\/strong><\/strong><\/strong><\/h2>\n<p>Der ideale Weg, um seine Istanbul-Reise zu starten, ohne unn\u00f6tig Geld zu verschwenden. Schlie\u00dfen Sie sich einer Gruppentour <strong>auf Trinkgeldbasis<\/strong> an und zahlen Sie nur das, was Ihrer Meinung nach der Reiseleiter verdient.<\/p>\n<h2 style=\"\"><strong><strong><strong>Private F\u00fchrungen zu den Klassikern<\/strong><\/strong><\/strong><\/h2>\n<p>Bei den klassischen Stadtrundg\u00e4ngen geht es zu den&nbsp;<strong>wichtigsten Sehensw\u00fcrdigkeiten Istanbuls<\/strong>. Erkunden Sie gemeinsam mit Ihrem&nbsp;<strong>englischsprachigen Guide<\/strong> das osmanische, byzantinische und r\u00f6mische Erbe der Stadt.<\/p>\n<h2 style=\"\"><strong><strong><strong>Alternative Stadtrundg\u00e4nge<\/strong><\/strong><\/strong><\/h2>\n<p>Haben Sie&nbsp;<strong>genug von den typischen Touristenzielen?<\/strong>&nbsp;Erkunden Sie die<strong>&nbsp;weniger bekannten Ecken Istanbuls<\/strong> mit einem ortskundigen Reiseleiter, der die Stadt wie seine Westentasche kennt.<\/p>\n<p style=\"\"><span style=\"--tcb-text-highlight-color: rgb(247, 200, 59) !important;\" data-text-highlight=\"clean-rounded\">Must-See<\/span><\/p>\n<p>&nbsp;<\/p>\n<p style=\"\"><span style=\"--tcb-text-highlight-color: var(--tcb-skin-color-22) !important;\" data-text-highlight=\"clean-rounded\">2,5 Stunden<\/span><\/p>\n<p style=\"\"><span style=\"--tcb-text-highlight-color: var(--tcb-skin-color-22) !important;\" data-text-highlight=\"clean-rounded\">Preis:<\/span><\/p>\n<p style=\"\">Auf Trinkgeldbasis<\/p>\n<h3 style=\"\">Kostenloser Rundgang durch Istanbul<\/h3>\n<p data-pm-slice=\"1 1 []\" style=\"text-align: left;\">Entdecken Sie<strong> die Highlights der Altstadt von Istanbul wie ein echter Insider!<\/strong> Verschaffen Sie sich einen <strong>\u00dcberblick<\/strong> \u00fcber die wichtigsten Sehensw\u00fcrdigkeiten und erfahren Sie von einem ortskundigen Guide alles,<strong> was Sie f\u00fcr Ihren Aufenthalt wissen m\u00fcssen.<\/strong> So vermeiden Sie unn\u00f6tige Ausgaben f\u00fcr Aktivit\u00e4ten, die vielleicht nicht Ihren Geschmack treffen. Anschlie\u00dfend geht es weiter zum <strong>legend\u00e4ren Gro\u00dfen Basar, <\/strong>wo Sie mit einem erfahrenen Guide durch das Labyrinth aus \u00fcber 2.500 Gesch\u00e4ften schlendern.<\/p>\n<p style=\"\"><span style=\"--tcb-text-highlight-color: rgb(247, 200, 59) !important;\" data-text-highlight=\"clean-rounded\">Bestseller<\/span><\/p>\n<p>&nbsp;<\/p>\n<p style=\"\"><span style=\"--tcb-text-highlight-color: var(--tcb-skin-color-22) !important;\" data-text-highlight=\"clean-rounded\">6 Stunden<\/span><\/p>\n<p style=\"\"><span style=\"--tcb-text-highlight-color: var(--tcb-skin-color-22) !important;\" data-text-highlight=\"clean-rounded\">Ab<\/span><\/p>\n<p style=\"\">170 \u20ac<\/p>\n<h3>Private F\u00fchrung zu den Klassikern der Altstadt<\/h3>\n<p data-pm-slice=\"1 1 []\" style=\"text-align: left;\">Erleben Sie die <strong>Wahrzeichen der Istanbuler Altstadt wie ein Einheimischer <\/strong>auf unserer privaten F\u00fchrung zu den Klassikern der Altstadt. Dieser<strong> flexibel gestaltbare 6-st\u00fcndige Stadtrundgang <\/strong>f\u00fchrt Sie zu den wichtigsten Sehensw\u00fcrdigkeiten: Bewundern Sie die majest\u00e4tische<strong> Blaue Moschee,<\/strong> die weltber\u00fchmte <strong>Hagia Sophia<\/strong> (Innenbesichtigung optional) und den beeindruckenden <strong>Topkapi-Palast (<\/strong>Eintritt auf Wunsch). Tauchen Sie ein in die faszinierende Geschichte und Kultur Istanbuls und gestalten Sie die Tour <strong>ganz nach Ihren W\u00fcnschen!<\/strong><\/p>\n<p style=\"\"><span style=\"--tcb-text-highlight-color: rgb(247, 200, 59) !important;\" data-text-highlight=\"clean-rounded\">Must-See<\/span><\/p>\n<p>&nbsp;<\/p>\n<p style=\"\"><span style=\"--tcb-text-highlight-color: var(--tcb-skin-color-22) !important;\" data-text-highlight=\"clean-rounded\">6 Stunden<\/span><\/p>\n<p style=\"\"><span style=\"--tcb-text-highlight-color: var(--tcb-skin-color-22) !important;\" data-text-highlight=\"clean-rounded\">Ab<\/span><\/p>\n<p style=\"\">170 \u20ac<\/p>\n<h3>Private F\u00fchrung durch Taksim und Galata<\/h3>\n<p data-pm-slice=\"1 1 []\" style=\"text-align: left;\">Tauchen Sie ein in die<strong> pulsierende Energie des Taksim-Platzes,<\/strong> wo Tradition und Moderne aufeinandertreffen. Lassen Sie sich anschlie\u00dfend vom<strong> historischen Charme des Galata-Viertels <\/strong>verzaubern. Mit einem erfahrenen englischsprachigen Reiseleiter entdecken Sie auf diesem privaten Rundgang nicht nur ber\u00fchmte Sehensw\u00fcrdigkeiten, sondern auch <strong>versteckte Sch\u00e4tze und echte lokale Geheimtipps <\/strong>\u2013 ganz individuell und pers\u00f6nlich gestaltet.<\/p>\n<p style=\"\"><span style=\"--tcb-text-highlight-color: rgb(247, 200, 59) !important;\" data-text-highlight=\"clean-rounded\">Sehr beliebt<\/span><\/p>\n<p>&nbsp;<\/p>\n<p style=\"\"><span style=\"--tcb-text-highlight-color: var(--tcb-skin-color-22) !important;\" data-text-highlight=\"clean-rounded\">6 Stunden<\/span><\/p>\n<p style=\"\"><span style=\"--tcb-text-highlight-color: var(--tcb-skin-color-22) !important;\" data-text-highlight=\"clean-rounded\">Ab<\/span><\/p>\n<p style=\"\">170 \u20ac<\/p>\n<h3>Alternative&nbsp;Stadtf\u00fchrung durch Istanbuls Altstadt<\/h3>\n<p data-pm-slice=\"1 1 []\" style=\"text-align: left;\">Lassen Sie die Touristenmassen hinter sich und entdecken Sie die <strong>verborgenen Sch\u00e4tze Istanbuls<\/strong> bei einer alternativen Stadtf\u00fchrung durch Istanbuls Altstadt. Ein erfahrener, ortskundiger Guide f\u00fchrt Sie durch <strong>verwinkelte Gassen, historische Viertel und versteckte Juwelen,<\/strong> die nur wenige kennen. Tauchen Sie ein in die Vielfalt der Kultur, Geschichte und Traditionen dieser faszinierenden Stadt. Erkunden Sie <strong>schrullige Caf\u00e9s, Street-Art und authentische lokale M\u00e4rkte <\/strong>\u2013 ein Stadtrundgang, der Istanbul von seiner einzigartigsten Seite zeigt.<\/p>\n<p style=\"\"><span style=\"--tcb-text-highlight-color: rgb(247, 200, 59) !important;\" data-text-highlight=\"clean-rounded\">Abseits der Touristenpfade<\/span><\/p>\n<p>&nbsp;<\/p>\n<p style=\"\"><span style=\"--tcb-text-highlight-color: var(--tcb-skin-color-22) !important;\" data-text-highlight=\"clean-rounded\">6 Stunden<\/span><\/p>\n<p style=\"\"><span style=\"--tcb-text-highlight-color: var(--tcb-skin-color-22) !important;\" data-text-highlight=\"clean-rounded\">Ab<\/span><\/p>\n<p style=\"\">170 \u20ac<\/p>\n<h3>Alternativer Stadtrundgang durch die asiatische Seite Istanbuls<\/h3>\n<p style=\"text-align: left;\">Entdecken Sie die verborgenen Sch\u00e4tze Istanbuls bei unserem alternativen <strong>Stadtrundgang auf der asiatischen Seite <\/strong>\u2013 begleitet von einem privaten Guide. Auf dieser 6-st\u00fcndigen Tour erkunden Sie die weniger bekannten<strong> Highlights des asiatischen Viertels,<\/strong> genie\u00dfen eine<strong> malerische F\u00e4hrfahrt<\/strong> <strong>nach \u00dcsk\u00fcdar <\/strong>und besuchen das charmante \u00c7engelk\u00f6y mit atemberaubendem Blick auf den Bosporus. Erleben Sie eine einzigartige Perspektive auf Istanbul und buchen Sie jetzt Ihr unvergessliches Abenteuer!<\/p>\n<p style=\"text-align: center;\"><span style=\"background-color: var(--tcb-skin-color-0);\">&nbsp;Rezensionen&nbsp;<\/span><\/p>\n<h2 style=\"text-align: center;\">Was unsere Teilnehmer sagen<\/h2>\n<p style=\"\"><em>\u201eEin toller Reisef\u00fchrer, mit viel Wissen, das er weitergeben kann, eine langsame und ruhige Tour. Er erz\u00e4hlt einem alles wie eine Geschichte und ist so charmant, dass man keinen Moment abgelenkt ist. Man genie\u00dft seine Arbeit, ohne sie aus einer Schubkarre gelernt zu haben, und das wird mehr als alles andere gesch\u00e4tzt! Super empfohlen!\u201c<\/em><\/p>\n<p style=\"text-align: center; font-size: 14px !important;\"><strong><span style=\"color: hsla(var(--tcb-main-master-h, 210), var(--tcb-main-master-s, 77%), var(--tcb-main-master-l, 54%), var(--tcb-main-master-a, 1));\"><strong><em>Narbe, April 2024, Spanien&nbsp;<\/em><\/strong><\/span><\/strong><span style=\"color: rgb(109, 109, 109);\"> \/\/<strong><em><em> [Quelle: WalkingToursIstanbul]<\/em><\/em><\/strong><\/span><\/p>\n<p style=\"\"><em>\u201eEs war eine wirklich sch\u00f6ne Tour. Unser Guide hat uns alle n\u00fctzlichen Informationen gegeben.\u201c<\/em><\/p>\n<p style=\"text-align: center; font-size: 14px !important;\"><strong><span style=\"color: hsla(var(--tcb-main-master-h, 210), var(--tcb-main-master-s, 77%), var(--tcb-main-master-l, 54%), var(--tcb-main-master-a, 1));\"><strong><em>Natalia, M\u00e4rz 2024, Deutschland<\/em><\/strong><\/span><\/strong><span style=\"color: rgb(109, 109, 109);\"> \/\/<strong><em><em> [Quelle: WalkingToursIstanbul]<\/em><\/em><\/strong><\/span><\/p>\n<p style=\"\"><em>Absolut tolle Zeit! Wunderbare Tour, tolle Tipps und definitiv eine Reise wert, nur um all die tollen Teile der asiatischen Seite der Stadt zu sehen. Absolute Empfehlung!\u201c&nbsp;<\/em><\/p>\n<p style=\"text-align: center; font-size: 14px !important;\"><strong><span style=\"color: hsla(var(--tcb-main-master-h, 210), var(--tcb-main-master-s, 77%), var(--tcb-main-master-l, 54%), var(--tcb-main-master-a, 1));\"><strong><em>JA, Februar 2024, Porto<\/em><\/strong><\/span><\/strong><span style=\"color: rgb(109, 109, 109);\"> \/\/<strong><em><em> [Quelle: WalkingToursIstanbul]<\/em><\/em><\/strong><\/span><\/p>\n<p style=\"\"><em>\u201eUnser Reiseleiter war voller Informationen und Humor! Wir sind so froh, dass wir die Tour gemacht haben. Ich kann sie nur w\u00e4rmstens empfehlen!\u201c<\/em><strong><em>&nbsp;<\/em><\/strong><\/p>\n<p style=\"text-align: center;\"><strong><span style=\"color: hsla(var(--tcb-main-master-h, 210), var(--tcb-main-master-s, 77%), var(--tcb-main-master-l, 54%), var(--tcb-main-master-a, 1));\"><strong><em>han, April 2024, Marseille<\/em><\/strong><\/span><span style=\"color: rgb(55, 135, 218);\">&nbsp;<\/span><\/strong><span style=\"color: rgb(109, 109, 109);\"> \/\/<strong><em><em> [Quelle: WalkingToursIstanbul]<\/em><\/em><\/strong><\/span><\/p>\n<p style=\"\"><em>\u201eEs war eine tolle Tour. Der Guide ist sehr freundlich und motiviert. Er bietet viel Zusatzwissen.\u201c<\/em><\/p>\n<p style=\"text-align: center; font-size: 14px !important;\"><strong><span style=\"color: hsla(var(--tcb-main-master-h, 210), var(--tcb-main-master-s, 77%), var(--tcb-main-master-l, 54%), var(--tcb-main-master-a, 1));\"><strong><em>David, April 2024, USA&nbsp;&nbsp;<\/em><\/strong><\/span><\/strong><span style=\"color: rgb(109, 109, 109);\"> \/\/<strong><em><em> [Quelle: WalkingToursIstanbul]<\/em><\/em><\/strong><\/span><\/p>\n<h2 data-kb-block=\"kb-adv-heading3015_decc3a-14\"><strong><strong>Warum einen Stadtrundgang durch Istanbul buchen?<\/strong><\/strong><\/h2>\n<p>Istanbul, eine beeindruckende Metropole mit 16 Millionen Einwohnern, 39 Bezirken und 964 Vierteln, <strong>gleicht einer Schatztruhe<\/strong>. Insbesondere die Bezirke Fatih und Beyo\u011flu beherbergen eine Vielzahl an historischen <strong>Sehensw\u00fcrdigkeiten, die bequem zu Fu\u00df erkundet <\/strong>werden k\u00f6nnen.<\/p>\n<p>Die Nutzung von Autos oder Bussen ist in Istanbul aufgrund der engen Stra\u00dfen und des gesch\u00e4ftigen Stadtlebens oft <strong>herausfordernd<\/strong>. Daher bietet ein Spaziergang \u2013 wie es schon in der Antike \u00fcblich war \u2013 die beste M\u00f6glichkeit, die <strong>Stadt in ihrem vollen Glanz zu erleben. <\/strong>Viele der ber\u00fchmten historischen Orte <strong>liegen dicht beieinander,<\/strong> sodass Sie leicht von einer Attraktion zur n\u00e4chsten gelangen.<\/p>\n<p>Die Stra\u00dfen Istanbuls sind<strong> lebendig und voller Charme<\/strong>: bunte Wohnh\u00e4user, gem\u00fctliche Caf\u00e9s, ausgezeichnete Restaurants, beeindruckende Moscheen und antike Brunnen s\u00e4umen die Wege. Ein gem\u00e4chlicher Rundgang durch die Stadt erm\u00f6glicht es, <strong>die einzigartige Atmosph\u00e4re Istanbuls in ihrer ganzen Sch\u00f6nheit zu erleben<\/strong>.<\/p>\n<h2 data-kb-block=\"kb-adv-heading1154_e2130e-b5\" style=\"text-align: center;\"><strong><strong>Welche Stadtrundg\u00e4nge durch Istanbul gibt es?<\/strong><\/strong><\/h2>\n<h3 style=\"text-align: left;\"><strong>Kostenloser&nbsp;<\/strong><strong>Rundgang durch Istanbul (Gruppe)<\/strong><\/h3>\n<p style=\"text-align: left;\">Buchen Sie in nur zwei Minuten einen kostenlosen Stadtrundgang \u2013<strong>&nbsp;ohne Kreditkarteninformationen, <\/strong>Stornierungsgeb\u00fchren oder R\u00fcckerstattungsaufwand<strong>.<\/strong> Sie k\u00f6nnen jederzeit flexibel buchen und stornieren.<\/p>\n<p style=\"text-align: left;\">Erfahren Sie die Grundlagen Istanbuls mit einem erfahrenen lokalen Guide, der Ihnen <strong>die wichtigsten Informationen zur Altstadt vermittelt <\/strong>\u2013 sei es geschichtliches Wissen, praktische Tipps oder andere spannende Einblicke.<\/p>\n<p style=\"text-align: left;\">Am Ende der Tour <strong>entscheiden Sie selbst, wie viel Trinkgeld<\/strong> Sie geben m\u00f6chten, je nachdem, wie zufrieden Sie mit dem Erlebnis sind. So k\u00f6nnen Sie uns ganz unverbindlich kennenlernen und sp\u00e4ter entscheiden, ob Sie auch kostenpflichtige Privattouren bei uns buchen m\u00f6chten.<\/p>\n<h3 data-kb-block=\"kb-adv-heading1154_eb2bcb-b9\" style=\"text-align: left;\"><strong><\/strong><strong>F\u00fchrung zu den Klassikern der Altstadt (privat)<\/strong><\/h3>\n<p style=\"text-align: left;\">F\u00fcr Erstbesucher in Istanbul ist dieser Stadtrundgang ein Muss. Ein professioneller Reiseleiter f\u00fchrt Sie zu den klassischen Wahrzeichen der Stadt, darunter die <strong>Hagia Sophia<\/strong>, die <strong>Blaue Moschee<\/strong>, der <strong>Versunkene Palast&nbsp;<\/strong>und der <strong>Gro\u00dfe Basar<\/strong>.<\/p>\n<p style=\"text-align: left;\">Nach dieser privaten F\u00fchrung k\u00f6nnen Sie sicher sagen: \u201eIch war in Istanbul.\u201c Perfekt, um die <strong>ber\u00fchmtesten Monumente <\/strong>und die faszinierende Geschichte der Stadt i<strong>n einem pers\u00f6nlichen Rahmen zu erleben.<\/strong><\/p>\n<h2 data-kb-block=\"kb-adv-heading1154_97dd8e-67\" style=\"text-align: left;\"><strong>Alternative <\/strong><strong>Stadtf\u00fchrung durch Istanbuls Altstadt (privat)<\/strong><\/h2>\n<p style=\"text-align: left;\">Wenn Sie die klassischen Sehensw\u00fcrdigkeiten bereits gesehen haben, ist dieser Stadtrundgang <strong>ideal, um das authentische Istanbul kennenzulernen<\/strong>. Entdecken Sie weniger bekannte Wohnviertel, in denen Einheimische leben, und tauchen Sie in die Kombination aus Geschichte, Kultur und Moderne ein.<\/p>\n<p style=\"text-align: left;\"><strong>Erleben Sie das wahre Gesicht Istanbuls \u2013 fernab der typischen Touristenpfade.<\/strong><\/p>\n<h3 data-kb-block=\"kb-adv-heading1154_fd493f-6b\" style=\"text-align: left;\"><strong>Kombinieren Sie zwei oder alle Optionen (privat)<\/strong><\/h3>\n<p style=\"text-align: left;\">Sie k\u00f6nnen auch mehrere Stadtrundg\u00e4nge <strong>kombinieren<\/strong>. Beginnen Sie mit der kostenlosen F\u00fchrung auf Trinkgeldbasis, um einen \u00dcberblick \u00fcber Istanbul zu bekommen.<\/p>\n<p style=\"text-align: left;\">Anschlie\u00dfend k\u00f6nnen Sie eine <a href=\"https:\/\/walking-tours-istanbul.com\/de\/stadtrundgang-istanbul-altstadt\/\" style=\"outline: none;\"><strong>F\u00fchrung zu den Klassikern der Altstadt<\/strong><\/a><strong>&nbsp;<\/strong>buchen, um die wichtigsten Sehensw\u00fcrdigkeiten zu erkunden, und diese mit einer&nbsp;<a href=\"https:\/\/walking-tours-istanbul.com\/de\/alternative-stadtfuhrung-durch-istanbuls-altstadt\/\" style=\"outline: none;\"><strong>a<\/strong><strong>lternativen&nbsp;<\/strong><strong>Stadtf\u00fchrung durch Istanbuls Altstadt<\/strong><\/a><strong>&nbsp;<\/strong>erg\u00e4nzen, um das authentische, allt\u00e4gliche Istanbul zu erleben.<\/p>\n<h3 data-kb-block=\"kb-adv-heading3015_7fdca0-6d\" style=\"\">Passen Sie Ihren Stadtrundgang durch Istanbul an<\/h3>\n<p>Nichts Passendes gefunden? Kein Problem!<\/p>\n<p>Kontaktieren Sie uns, und wir erstellen gemeinsam Ihre <strong>ganz pers\u00f6nliche Reiseroute. <\/strong>Wir bieten <strong>ma\u00dfgeschneiderte private Stadtrundg\u00e4nge<\/strong> durch Istanbul an, die genau auf Ihre W\u00fcnsche und Interessen <strong>abgestimmt<\/strong> sind. Ob Sie besondere Vorlieben haben oder Ihren Urlaub individuell gestalten m\u00f6chten \u2013 wir helfen Ihnen dabei, die perfekte Tour zusammenzustellen.<\/p>\n<p>Unsere F\u00fchrungen finden&nbsp;<strong>in erster Linie auf Englisch statt,<\/strong> aber auf Anfrage bieten wir auch F\u00fchrungen in vielen anderen Sprachen an, <strong>darunter Deutsch,<\/strong> Spanisch, Chinesisch, Arabisch, Russisch, Franz\u00f6sisch, Italienisch und weitere. Kontaktieren Sie uns, um einen privaten Stadtrundgang in Ihrer bevorzugten Sprache zu arrangieren.<\/p>\n<p><a href=\"https:\/\/www.facebook.com\/mostamazingplacescom\" target=\"_blank\" rel=\"nofollow noopener\" data-dynamic-link=\"thrive_global_fields_url\" data-shortcode-id=\"fb\" data-id=\"icon-facebook\"><span> <\/span><\/a><a href=\"https:\/\/www.youtube.com\/@MostAmazingPlaces-com\" target=\"_blank\" rel=\"nofollow noopener\" data-dynamic-link=\"thrive_global_fields_url\" data-shortcode-id=\"yt\" data-id=\"icon-youtube\"><span> <\/span><\/a><a href=\"https:\/\/www.instagram.com\/mostamazingplacescom\/\" target=\"_blank\" rel=\"nofollow noopener\" data-dynamic-link=\"thrive_global_fields_url\" data-shortcode-id=\"ig\" data-id=\"icon-instagram\"><span> <\/span><\/a><a href=\"https:\/\/tr.pinterest.com\/mostamazingplaces\/\" target=\"_blank\" rel=\"nofollow noopener\" data-dynamic-link=\"thrive_global_fields_url\" data-shortcode-id=\"pin\" data-id=\"icon-pinterest\"><span>                     <\/span><\/a><a href=\"https:\/\/www.tiktok.com\/@mostamazingplaces.com\" target=\"_blank\" rel=\"nofollow noopener\" data-dynamic-link=\"thrive_global_fields_url\" data-shortcode-id=\"tiktok\" data-id=\"icon-link\"><span>                     <\/span><\/a><a href=\"https:\/\/twitter.com\/MostAmzngPlaces\" target=\"_blank\" rel=\"nofollow noopener\" data-dynamic-link=\"thrive_global_fields_url\" data-shortcode-id=\"t\" data-id=\"icon-link\"><span>                     <\/span><\/a><\/p>\n<h2 style=\"\">Warum sollten Sie bei uns einen Rundgang durch Istanbul buchen?<\/h2>\n<h2 data-kb-block=\"kb-adv-heading1154_aafa52-ca\" style=\"text-shadow: rgba(0, 0, 0, 0.6) 2px 2px 2px;\"><strong><strong><\/strong><\/strong><\/h2>\n","protected":false},"excerpt":{"rendered":"<p>Stadtrundg\u00e4nge durch Istanbul Die beste M\u00f6glichkeit, Istanbul zu entdecken! Free Walking Tour auf&nbsp;Trinkgeldbasis Der ideale Weg, um seine Istanbul-Reise zu starten, ohne unn\u00f6tig Geld zu verschwenden. Schlie\u00dfen Sie sich einer Gruppentour auf Trinkgeldbasis an und zahlen Sie nur das, was Ihrer Meinung nach der Reiseleiter verdient. Private F\u00fchrungen zu den Klassikern Bei den klassischen Stadtrundg\u00e4ngen [&hellip;]<\/p>\n","protected":false},"author":8,"featured_media":3849,"parent":0,"menu_order":0,"comment_status":"closed","ping_status":"closed","template":"","meta":{"footnotes":""},"class_list":["post-4130","page","type-page","status-publish","has-post-thumbnail","hentry","post-wrapper","thrv_wrapper"],"wp-worthy-pixel":{"ignored":false,"public":null,"server":null,"url":null},"wp-worthy-type":"normal","_links":{"self":[{"href":"https:\/\/walking-tours-istanbul.com\/de\/wp-json\/wp\/v2\/pages\/4130","targetHints":{"allow":["GET"]}}],"collection":[{"href":"https:\/\/walking-tours-istanbul.com\/de\/wp-json\/wp\/v2\/pages"}],"about":[{"href":"https:\/\/walking-tours-istanbul.com\/de\/wp-json\/wp\/v2\/types\/page"}],"author":[{"embeddable":true,"href":"https:\/\/walking-tours-istanbul.com\/de\/wp-json\/wp\/v2\/users\/8"}],"replies":[{"embeddable":true,"href":"https:\/\/walking-tours-istanbul.com\/de\/wp-json\/wp\/v2\/comments?post=4130"}],"version-history":[{"count":81,"href":"https:\/\/walking-tours-istanbul.com\/de\/wp-json\/wp\/v2\/pages\/4130\/revisions"}],"predecessor-version":[{"id":4357,"href":"https:\/\/walking-tours-istanbul.com\/de\/wp-json\/wp\/v2\/pages\/4130\/revisions\/4357"}],"wp:featuredmedia":[{"embeddable":true,"href":"https:\/\/walking-tours-istanbul.com\/de\/wp-json\/wp\/v2\/media\/3849"}],"wp:attachment":[{"href":"https:\/\/walking-tours-istanbul.com\/de\/wp-json\/wp\/v2\/media?parent=4130"}],"curies":[{"name":"wp","href":"https:\/\/api.w.org\/{rel}","templated":true}]}}