{"id":4125,"date":"2024-12-19T08:45:37","date_gmt":"2024-12-19T08:45:37","guid":{"rendered":"https:\/\/walking-tours-istanbul.com\/free-walking-tour-istanbul\/"},"modified":"2024-12-27T13:43:13","modified_gmt":"2024-12-27T13:43:13","slug":"free-walking-tour-istanbul","status":"publish","type":"page","link":"https:\/\/walking-tours-istanbul.com\/de\/free-walking-tour-istanbul\/","title":{"rendered":"Free Walking Tour Istanbul"},"content":{"rendered":"<p><span><img decoding=\"async\" alt=\"\" data-id=\"3975\" width=\"900\" height=\"608\" title=\"Free Walking Tour 1\" src=\"https:\/\/walking-tours-istanbul.com\/wp-content\/uploads\/2024\/12\/Free-Walking-Tour-1-e1734602292123.webp\" data-src=\"https:\/\/walking-tours-istanbul.com\/wp-content\/uploads\/2024\/12\/Free-Walking-Tour-1-e1734602292123-300x203.webp\" loading=\"lazy\" data-sizes=\"{&quot;thumbnail&quot;:{&quot;url&quot;:&quot;https:\/\/walking-tours-istanbul.com\/wp-content\/uploads\/2024\/12\/Free-Walking-Tour-1-e1734602292123-150x150.webp&quot;,&quot;height&quot;:150,&quot;width&quot;:150,&quot;orientation&quot;:&quot;landscape&quot;},&quot;medium&quot;:{&quot;url&quot;:&quot;https:\/\/walking-tours-istanbul.com\/wp-content\/uploads\/2024\/12\/Free-Walking-Tour-1-e1734602292123-300x203.webp&quot;,&quot;height&quot;:203,&quot;width&quot;:300,&quot;orientation&quot;:&quot;landscape&quot;},&quot;full&quot;:{&quot;url&quot;:&quot;https:\/\/walking-tours-istanbul.com\/wp-content\/uploads\/2024\/12\/Free-Walking-Tour-1-e1734602292123.webp&quot;,&quot;height&quot;:608,&quot;width&quot;:900,&quot;orientation&quot;:&quot;landscape&quot;}}\"><\/span><span><img decoding=\"async\" alt=\"\" data-id=\"3977\" width=\"960\" height=\"630\" title=\"Free Walking Tour 2\" src=\"https:\/\/walking-tours-istanbul.com\/wp-content\/uploads\/2024\/12\/Free-Walking-Tour-2-e1734602323855.webp\" data-src=\"https:\/\/walking-tours-istanbul.com\/wp-content\/uploads\/2024\/12\/Free-Walking-Tour-2-e1734602323855-300x197.webp\" loading=\"lazy\" data-sizes=\"{&quot;thumbnail&quot;:{&quot;url&quot;:&quot;https:\/\/walking-tours-istanbul.com\/wp-content\/uploads\/2024\/12\/Free-Walking-Tour-2-e1734602323855-150x150.webp&quot;,&quot;height&quot;:150,&quot;width&quot;:150,&quot;orientation&quot;:&quot;landscape&quot;},&quot;medium&quot;:{&quot;url&quot;:&quot;https:\/\/walking-tours-istanbul.com\/wp-content\/uploads\/2024\/12\/Free-Walking-Tour-2-e1734602323855-300x197.webp&quot;,&quot;height&quot;:197,&quot;width&quot;:300,&quot;orientation&quot;:&quot;landscape&quot;},&quot;full&quot;:{&quot;url&quot;:&quot;https:\/\/walking-tours-istanbul.com\/wp-content\/uploads\/2024\/12\/Free-Walking-Tour-2-e1734602323855.webp&quot;,&quot;height&quot;:630,&quot;width&quot;:960,&quot;orientation&quot;:&quot;landscape&quot;}}\"><\/span><span><img decoding=\"async\" alt=\"\" data-id=\"3979\" width=\"768\" height=\"572\" title=\"Free Walking Tour 3\" src=\"https:\/\/walking-tours-istanbul.com\/wp-content\/uploads\/2024\/12\/Free-Walking-Tour-3-e1734602346810.webp\" data-src=\"https:\/\/walking-tours-istanbul.com\/wp-content\/uploads\/2024\/12\/Free-Walking-Tour-3-e1734602346810-300x223.webp\" loading=\"lazy\" data-sizes=\"{&quot;thumbnail&quot;:{&quot;url&quot;:&quot;https:\/\/walking-tours-istanbul.com\/wp-content\/uploads\/2024\/12\/Free-Walking-Tour-3-e1734602346810-150x150.webp&quot;,&quot;height&quot;:150,&quot;width&quot;:150,&quot;orientation&quot;:&quot;landscape&quot;},&quot;medium&quot;:{&quot;url&quot;:&quot;https:\/\/walking-tours-istanbul.com\/wp-content\/uploads\/2024\/12\/Free-Walking-Tour-3-e1734602346810-300x223.webp&quot;,&quot;height&quot;:223,&quot;width&quot;:300,&quot;orientation&quot;:&quot;landscape&quot;},&quot;full&quot;:{&quot;url&quot;:&quot;https:\/\/walking-tours-istanbul.com\/wp-content\/uploads\/2024\/12\/Free-Walking-Tour-3-e1734602346810.webp&quot;,&quot;height&quot;:572,&quot;width&quot;:768,&quot;orientation&quot;:&quot;landscape&quot;}}\"><\/span><span><img decoding=\"async\" alt=\"\" data-id=\"3981\" width=\"600\" height=\"436\" title=\"Free Walking Tour TOP\" src=\"https:\/\/walking-tours-istanbul.com\/wp-content\/uploads\/2024\/12\/Free-Walking-Tour-TOP-1440x1920.jpeg\" data-src=\"https:\/\/walking-tours-istanbul.com\/wp-content\/uploads\/2024\/12\/Free-Walking-Tour-TOP-e1734602384472-300x218.jpeg\" loading=\"lazy\" data-sizes=\"{&quot;thumbnail&quot;:{&quot;url&quot;:&quot;https:\/\/walking-tours-istanbul.com\/wp-content\/uploads\/2024\/12\/Free-Walking-Tour-TOP-e1734602384472-150x150.jpeg&quot;,&quot;height&quot;:150,&quot;width&quot;:150,&quot;orientation&quot;:&quot;landscape&quot;},&quot;medium&quot;:{&quot;url&quot;:&quot;https:\/\/walking-tours-istanbul.com\/wp-content\/uploads\/2024\/12\/Free-Walking-Tour-TOP-e1734602384472-300x218.jpeg&quot;,&quot;height&quot;:218,&quot;width&quot;:300,&quot;orientation&quot;:&quot;landscape&quot;},&quot;large&quot;:{&quot;url&quot;:&quot;https:\/\/walking-tours-istanbul.com\/wp-content\/uploads\/2024\/12\/Free-Walking-Tour-TOP-1440x1920.jpeg&quot;,&quot;height&quot;:1920,&quot;width&quot;:1440,&quot;orientation&quot;:&quot;portrait&quot;},&quot;full&quot;:{&quot;url&quot;:&quot;https:\/\/walking-tours-istanbul.com\/wp-content\/uploads\/2024\/12\/Free-Walking-Tour-TOP-e1734602384472.jpeg&quot;,&quot;height&quot;:436,&quot;width&quot;:600,&quot;orientation&quot;:&quot;landscape&quot;},&quot;1536x1536&quot;:{&quot;url&quot;:&quot;https:\/\/walking-tours-istanbul.com\/wp-content\/uploads\/2024\/12\/Free-Walking-Tour-TOP-1152x1536.jpeg&quot;,&quot;height&quot;:1536,&quot;width&quot;:1152,&quot;orientation&quot;:&quot;portrait&quot;}}\"><\/span><span><img decoding=\"async\" alt=\"\" data-id=\"3983\" width=\"900\" height=\"608\" title=\"Free Walking Tour\" src=\"https:\/\/walking-tours-istanbul.com\/wp-content\/uploads\/2024\/12\/Free-Walking-Tour-e1734602408294.webp\" data-src=\"https:\/\/walking-tours-istanbul.com\/wp-content\/uploads\/2024\/12\/Free-Walking-Tour-e1734602408294-300x203.webp\" loading=\"lazy\" data-sizes=\"{&quot;thumbnail&quot;:{&quot;url&quot;:&quot;https:\/\/walking-tours-istanbul.com\/wp-content\/uploads\/2024\/12\/Free-Walking-Tour-e1734602408294-150x150.webp&quot;,&quot;height&quot;:150,&quot;width&quot;:150,&quot;orientation&quot;:&quot;landscape&quot;},&quot;medium&quot;:{&quot;url&quot;:&quot;https:\/\/walking-tours-istanbul.com\/wp-content\/uploads\/2024\/12\/Free-Walking-Tour-e1734602408294-300x203.webp&quot;,&quot;height&quot;:203,&quot;width&quot;:300,&quot;orientation&quot;:&quot;landscape&quot;},&quot;full&quot;:{&quot;url&quot;:&quot;https:\/\/walking-tours-istanbul.com\/wp-content\/uploads\/2024\/12\/Free-Walking-Tour-e1734602408294.webp&quot;,&quot;height&quot;:608,&quot;width&quot;:900,&quot;orientation&quot;:&quot;landscape&quot;}}\"><\/span><span><img decoding=\"async\" alt=\"\" data-id=\"3985\" width=\"600\" height=\"500\" title=\"Route of Free Walking Tour\" src=\"https:\/\/walking-tours-istanbul.com\/wp-content\/uploads\/2024\/12\/Route-of-Free-Walking-Tour-1082x1920.webp\" data-src=\"https:\/\/walking-tours-istanbul.com\/wp-content\/uploads\/2024\/12\/Route-of-Free-Walking-Tour-e1734602445753-300x250.webp\" loading=\"lazy\" data-sizes=\"{&quot;thumbnail&quot;:{&quot;url&quot;:&quot;https:\/\/walking-tours-istanbul.com\/wp-content\/uploads\/2024\/12\/Route-of-Free-Walking-Tour-e1734602445753-150x150.webp&quot;,&quot;height&quot;:150,&quot;width&quot;:150,&quot;orientation&quot;:&quot;landscape&quot;},&quot;medium&quot;:{&quot;url&quot;:&quot;https:\/\/walking-tours-istanbul.com\/wp-content\/uploads\/2024\/12\/Route-of-Free-Walking-Tour-e1734602445753-300x250.webp&quot;,&quot;height&quot;:250,&quot;width&quot;:300,&quot;orientation&quot;:&quot;landscape&quot;},&quot;large&quot;:{&quot;url&quot;:&quot;https:\/\/walking-tours-istanbul.com\/wp-content\/uploads\/2024\/12\/Route-of-Free-Walking-Tour-1082x1920.webp&quot;,&quot;height&quot;:1920,&quot;width&quot;:1082,&quot;orientation&quot;:&quot;portrait&quot;},&quot;full&quot;:{&quot;url&quot;:&quot;https:\/\/walking-tours-istanbul.com\/wp-content\/uploads\/2024\/12\/Route-of-Free-Walking-Tour-e1734602445753.webp&quot;,&quot;height&quot;:500,&quot;width&quot;:600,&quot;orientation&quot;:&quot;landscape&quot;},&quot;1536x1536&quot;:{&quot;url&quot;:&quot;https:\/\/walking-tours-istanbul.com\/wp-content\/uploads\/2024\/12\/Route-of-Free-Walking-Tour-865x1536.webp&quot;,&quot;height&quot;:1536,&quot;width&quot;:865,&quot;orientation&quot;:&quot;portrait&quot;},&quot;2048x2048&quot;:{&quot;url&quot;:&quot;https:\/\/walking-tours-istanbul.com\/wp-content\/uploads\/2024\/12\/Route-of-Free-Walking-Tour-1154x2048.webp&quot;,&quot;height&quot;:2048,&quot;width&quot;:1154,&quot;orientation&quot;:&quot;portrait&quot;}}\"><\/span><\/p>\n<h2 data-kb-block=\"kb-adv-heading3005_28d102-66\"><strong>Free Walking Tour durch Istanbul<\/strong><\/h2>\n<h2><strong>Eine Reservierung vornehmen<\/strong><\/h2>\n<p dir=\"ltr\">Entdecken Sie Istanbul auf unserer Free Walking Tour und erleben Sie die faszinierenden Attraktionen Istanbuls. Tauchen Sie ein in <strong>die Altstadt von Istanbul,&nbsp;<\/strong>eine Schatztruhe voller Geschichte, Kultur und architektonischer Prachtbauten.&nbsp;<strong>Gef\u00fchrt von sachkundigen Insidern,&nbsp;<\/strong>bietet Ihnen unsere Rundgang unsch\u00e4tzbare<strong>&nbsp;Einblicke in die legend\u00e4ren Wahrzeichen<\/strong> und versteckten Juwelen dieser alten Metropole.<\/p>\n<ul>\n<li style=\"\"><span>Kostenlose Buchung<\/span><\/li>\n<li style=\"\">                    <span>Sofortige Best\u00e4tigung<\/span><\/li>\n<li style=\"\"><span>Reiseleiter<\/span><\/li>\n<li style=\"\"><span>Jederzeit stornierbar<\/span><\/li>\n<\/ul>\n<h2 data-kb-block=\"kb-adv-heading3005_4b5152-98\">Inbegriffen<\/h2>\n<ul>\n<li><span>Englischsprachiger Guide<\/span><\/li>\n<li><span>Keine Kreditkarteninformationen erforderlich<\/span><\/li>\n<li><span>Support \u00fcber WhatsApp-Chat<\/span><\/li>\n<\/ul>\n<h2>Nicht inbegriffen<\/h2>\n<ul>\n<li style=\"\"><span>Skip-the-line-Zugang bei Sicherheitskontrollen und Ausstellungen<\/span><\/li>\n<\/ul>\n<h2 data-kb-block=\"kb-adv-heading3005_51c042-f3\">Tourdetails der Free Walking Tour durch Istanbul<\/h2>\n<ul>\n<li><span><strong><strong><strong>Startzeit:<\/strong><\/strong><\/strong> T\u00e4glich um 14:00 Uhr. Bitte erscheinen Sie 10 Minuten vor der Startzeit.<\/span><\/li>\n<li><span><strong><strong><strong>Dauer<\/strong><\/strong>:<\/strong> 2,5 Stunden. Ende: um ca. 16:30 Uhr<\/span><\/li>\n<li><span><strong><strong><strong>Bezahlung<\/strong><\/strong>:<\/strong> Auf Trinkgeldbasis. Es gibt keinen festen Preis.<\/span><\/li>\n<li><span><strong><strong><strong>Stornierungsbedingungen<\/strong><\/strong>:<\/strong> Jederzeit stornierbar.<\/span><\/li>\n<li><span><strong>Die Free Walking Tour ben\u00f6tigt&nbsp;<strong>mindestens 5 Teilnehmer.<\/strong> <\/strong>Wird diese Zahl nicht erreicht, kann der Guide die Tour absagen, verk\u00fcrzen oder einen alternativen Termin vorschlagen.<strong><\/strong><\/span><\/li>\n<\/ul>\n<h2>Beschreibung:<\/h2>\n<p>Bevor Sie Ihre Zeit und ihr Geld f\u00fcr diverse Erlebnisse ausgeben,&nbsp;<strong>vermitteln wir Ihnen das n\u00f6tige Wissen \u00fcber die Altstadt.&nbsp;<\/strong>So wird Ihre Erkundungstour sowohl bereichernd als auch lohnend. Schlendern Sie \u00fcber den&nbsp;<strong>historischen Sultanahmet-Platz<\/strong>, bestaunen Sie die majest\u00e4tischen Kuppeln und Minarette der&nbsp;<strong><a data-id=\"https:\/\/www.hagiasophia.gen.tr\/de\" data-type=\"link\" href=\"https:\/\/www.hagiasophia.gen.tr\/de\" rel=\"nofollow noopener\" target=\"_blank\" style=\"outline: none;\" data-lt-tmp-id=\"lt-784378\" spellcheck=\"false\">Hagia Sophia&nbsp;<\/a>und der Blauen Moschee&nbsp;<\/strong>oder l\u00fcften Sie die Geheimnisse des&nbsp;<strong>antiken<\/strong>&nbsp;<strong>Hippodroms<\/strong>. Unsere fachkundigen Reiseleiter bringen Ihnen die Bedeutung jeder einzelnen Sehensw\u00fcrdigkeit n\u00e4her, sodass Sie wahrhaftig in Istanbuls turbulente Vergangenheit eintauchen k\u00f6nnen.<\/p>\n<p>Aber das Abenteuer ist damit noch nicht zu Ende. Nachdem Sie sich mit den Wundern der Altstadt vertraut gemacht haben, geht es weiter zum <strong>weltber\u00fchmten Gro\u00dfen Basar,&nbsp;<\/strong>einem Labyrinth mit mehr als 2500 Gesch\u00e4ften. Hier wimmelt es nur so von Sch\u00e4tzen, die entdeckt werden wollen. Lassen Sie sich von unseren <strong>einheimischen Experten<\/strong> durch die lebhaften Gassen und gesch\u00e4ftigen Marktst\u00e4nde f\u00fchren und erfahren Sie mehr \u00fcber die Geschichte, Handwerkskunst und Kultur dieses historischen Marktplatzes.<\/p>\n<h2 data-kb-block=\"kb-adv-heading3005_aed8e8-56\">Highlights der Free Walking Tour durch Istanbul<\/h2>\n<ul>\n<li style=\"\"><!--! Font Awesome Free 6.7.1 by @fontawesome - https:\/\/fontawesome.com License - https:\/\/fontawesome.com\/license\/free (Icons: CC BY 4.0, Fonts: SIL OFL 1.1, Code: MIT License) Copyright 2024 Fonticons, Inc. --><span><strong>Einfache Buchung:<\/strong> Buchen Sie Ihre kostenlose Stadtf\u00fchrung durch Istanbul in nur zwei Minuten, ohne Kreditkartendaten angeben zu m\u00fcssen.<\/span><\/li>\n<li style=\"\"><!--! Font Awesome Free 6.7.1 by @fontawesome - https:\/\/fontawesome.com License - https:\/\/fontawesome.com\/license\/free (Icons: CC BY 4.0, Fonts: SIL OFL 1.1, Code: MIT License) Copyright 2024 Fonticons, Inc. --><span><strong>Flexible Stornierung:<\/strong> Buchen und stornieren Sie jederzeit, ganz ohne Stornierungsgeb\u00fchren<\/span><\/li>\n<li style=\"\"><!--! Font Awesome Free 6.7.1 by @fontawesome - https:\/\/fontawesome.com License - https:\/\/fontawesome.com\/license\/free (Icons: CC BY 4.0, Fonts: SIL OFL 1.1, Code: MIT License) Copyright 2024 Fonticons, Inc. --><span><strong>Fundierte Einblicke:<\/strong> Erkunden Sie die Grundlagen Istanbuls mit einem erfahrenen einheimischen Reiseleiter, der Ihnen wertvolle Einblicke in die historische Altstadt bietet.<\/span><\/li>\n<li style=\"\"><!--! Font Awesome Free 6.7.1 by @fontawesome - https:\/\/fontawesome.com License - https:\/\/fontawesome.com\/license\/free (Icons: CC BY 4.0, Fonts: SIL OFL 1.1, Code: MIT License) Copyright 2024 Fonticons, Inc. --><span><strong>Umfassendes Wissen:<\/strong> Profitieren Sie vom Fachwissen Ihres Guides, der Ihnen alle wichtigen historischen, praktischen und kulturellen Infos zur Altstadt zusammenfasst.<\/span><\/li>\n<li style=\"\"><!--! Font Awesome Free 6.7.1 by @fontawesome - https:\/\/fontawesome.com License - https:\/\/fontawesome.com\/license\/free (Icons: CC BY 4.0, Fonts: SIL OFL 1.1, Code: MIT License) Copyright 2024 Fonticons, Inc. --><span><strong>Tour auf Trinkgeldbasis:<\/strong> Zeigen Sie am Ende der Free Walking Tour Ihre Zufriedenheit mit einem Trinkgeld, das Sie f\u00fcr angemessen halten.<\/span><\/li>\n<li style=\"\"><!--! Font Awesome Free 6.7.1 by @fontawesome - https:\/\/fontawesome.com License - https:\/\/fontawesome.com\/license\/free (Icons: CC BY 4.0, Fonts: SIL OFL 1.1, Code: MIT License) Copyright 2024 Fonticons, Inc. --><span><strong>Erstkontakt:<\/strong> Lernen Sie uns bei der Free Walking Tour kennen und entscheiden Sie danach, ob Sie Istanbul weiter mit uns erkunden m\u00f6chten, sei es bei einer kostenpflichtigen Gruppenreise oder einer privaten Tour.<\/span><\/li>\n<\/ul>\n<h2 data-kb-block=\"kb-adv-heading3005_2e0b31-16\">Route unserer Free Walking Tour durch Istanbul<\/h2>\n<p><strong>Teil 1:<\/strong><\/p>\n<ul>\n<li>Hippodrom<\/li>\n<li>Obelisk des Theodosius<\/li>\n<li>Blaue Moschee (von au\u00dfen)<\/li>\n<li>Hagia Sophia (von au\u00dfen)<\/li>\n<li>H\u00fcrrem Sultan Hamam (traditionelles&nbsp;<a href=\"https:\/\/hamam-istanbul.com\/de\/\" rel=\"nofollow noopener\" target=\"_blank\" style=\"outline: none;\">T\u00fcrkisches Bad<\/a>)<\/li>\n<li><a href=\"https:\/\/www.basilicacistern.gen.tr\/de\/\" rel=\"nofollow noopener\" target=\"_blank\" style=\"outline: currentcolor;\">Versunkener Palast<\/a>&nbsp;(von au\u00dfen)<\/li>\n<li>Hintere Gassen der Altstadt<\/li>\n<li>Historische Juwelenallee<\/li>\n<li>Barocke osmanische Moschee aus dem 18. Jahrhundert<strong><strong><\/strong><\/strong><strong><strong><\/strong><\/strong><\/li>\n<\/ul>\n<p><strong><strong>Teil 2:<\/strong><\/strong><\/p>\n<ul>\n<li>Gro\u00dfer Basar (von innen)<\/li>\n<li>B\u00fccherbasar<\/li>\n<li>Beyazit Platz<\/li>\n<li>\u00c4lteste, royale Moschee in Istanbul<\/li>\n<li>\u00c4lteste und gr\u00f6\u00dfte Universit\u00e4t der T\u00fcrkei<\/li>\n<li>Ende der Tour<\/li>\n<\/ul>\n<h2 data-kb-block=\"kb-adv-heading3005_cb7e10-bd\">Wissenswerte Hinweise<\/h2>\n<ul>\n<li dir=\"ltr\"><strong><strong><strong><strong>Tourbeschreibung<\/strong><\/strong><\/strong><\/strong><strong>:<\/strong> Unsere Free Walking Tour bietet eine <strong>Einf\u00fchrung in Istanbul&nbsp;<\/strong>und umfasst meist keine Besichtigungen des Inneren von Attraktionen. Die Bezahlung erfolgt<strong>&nbsp;auf Trinkgeldbasis.&nbsp;<\/strong>F\u00fcr Touren, die Eintrittskarten beinhalten, sprechen Sie bitte Ihren Guide an.<\/li>\n<li dir=\"ltr\"><strong>Kleidungstipps<\/strong><strong>:&nbsp;<\/strong>Da der Stadtrundgang gr\u00f6\u00dftenteils drau\u00dfen stattfindet, achten Sie auf die&nbsp;<strong>Wettervorhersage<\/strong> und kleiden Sie sich entsprechend.&nbsp;<\/li>\n<li dir=\"ltr\"><strong><strong><strong><strong><strong><strong><strong>Barrierefreiheit<\/strong><\/strong><\/strong><\/strong><\/strong><\/strong><\/strong><strong>:<\/strong> Die Tour umfasst einen&nbsp;<strong>Fu\u00dfmarsch von fast 3 km&nbsp;<\/strong>und ist daher nicht f\u00fcr Rollstuhlfahrer, Kinderwagen oder Personen mit Gehbehinderungen oder gesundheitlichen Problemen geeignet, die ein moderates Gehen \u00fcber 2,5 Stunden nicht erlauben.<\/li>\n<li dir=\"ltr\"><strong><strong><strong><strong><strong><strong><strong>Vorbereitung<\/strong><\/strong><\/strong><\/strong><\/strong><\/strong><\/strong><strong>:&nbsp;<\/strong>Stellen Sie sich darauf ein, zwischen&nbsp;<strong>3.000 und 12.000 Schritte&nbsp;<\/strong>zu gehen, je nach Route.<\/li>\n<li dir=\"ltr\"><strong><strong><strong><strong><strong><strong><strong><strong>Geschlossene Tage<\/strong><\/strong><\/strong><\/strong><\/strong><\/strong><\/strong><\/strong><strong>:<\/strong> Der Topkapi-Palast ist dienstags geschlossen. Der Gro\u00dfe Basar ist sonntags geschlossen. Moscheen sind w\u00e4hrend des Mittagsgebets am Freitag vor\u00fcbergehend geschlossen, abh\u00e4ngig von der Jahreszeit.<\/li>\n<\/ul>\n<h2>Stornierungsbedingungen<\/h2>\n<p dir=\"ltr\">Jederzeit stornierbar.<\/p>\n<h3>Treffpunkt<\/h3>\n<p>Der Treffpunkt befindet sich vor dem&nbsp;<a href=\"https:\/\/maps.app.goo.gl\/4a2Rdy1rNrPmJwN4A\" rel=\"nofollow noopener\" target=\"_blank\">Obelisken des Theodosius<\/a>&nbsp;in der Mitte des Hippodroms. Diese S\u00e4ule ist auch als \u201e<a href=\"https:\/\/maps.app.goo.gl\/4a2Rdy1rNrPmJwN4A\" rel=\"nofollow noopener\" target=\"_blank\">\u00e4gyptischer Obelisk\u201c<\/a> bekannt. &nbsp;Sie erreichen ihn mit der Stra\u00dfenbahnlinie T1. Steigen an der Station \u201eSultanahmet\u201c aus. Von dort aus sind es 5 Minuten zu Fu\u00df.<\/p>\n<p><a data-lt-tmp-id=\"lt-618857\" href=\"https:\/\/maps.app.goo.gl\/4a2Rdy1rNrPmJwN4A\" rel=\"nofollow noopener\" spellcheck=\"false\" target=\"_blank\" style=\"outline: none;\">In Maps \u00f6ffnen<\/a><\/p>\n<h2>Bewertungen<\/h2>\n<p><strong>5\/ 5<\/strong><\/p>\n<p dir=\"ltr\"><em><em>\u201cUnser Reiseleiter war sehr informativ und humorvoll! Wir sind so froh, dass wir die Tour gemacht haben. Sehr zu empfehlen!\u201c Phan, April 2024, Marseille [Quelle: WalkingToursIstanbul]<\/em><\/em><\/p>\n<h2 data-kb-block=\"kb-adv-heading3005_080e82-dc\">Warum sollten Sie sich f\u00fcr unsere Free Walking Tour durch Istanbul entscheiden?<\/h2>\n<ul>\n<li><span><strong><strong><strong>Lokale Experten<\/strong><\/strong>:<\/strong> Unsere Stadtrundg\u00e4nge werden von ortskundigen Guides geleitet, die leidenschaftlich und kenntnisreich \u00fcber Istanbuls Geschichte, Kultur und versteckte Sch\u00e4tze berichten.<\/span><\/li>\n<li><span><strong><strong><strong><strong>Individuelles Erlebnis<\/strong><\/strong><\/strong>:&nbsp;<\/strong>Wir halten die Gruppengr\u00f6\u00dfen klein, um eine pers\u00f6nlichere Erfahrung und bessere Interaktion mit der Reisegruppe zu gew\u00e4hrleisten.<\/span><\/li>\n<li><span><strong><strong><strong><strong><strong>Flexible Reiserouten<\/strong><\/strong><\/strong><\/strong>:<\/strong> Unsere Touren sind flexibel und k\u00f6nnen an Ihre Interessen und Vorlieben angepasst werden.<\/span><\/li>\n<li><span><strong><strong><strong><strong><strong><strong>Keine Vorabkosten<\/strong><\/strong><\/strong><\/strong><\/strong>:<\/strong> Entdecken Sie Istanbuls Top-Sehensw\u00fcrdigkeiten ohne Vorauszahlung und bestimmen Sie den Wert der Tour durch ein Trinkgeld am Ende.<\/span><\/li>\n<li><span><strong><strong><strong><strong><strong><strong><strong>Authentischer Blickwinkel<\/strong><\/strong><\/strong><\/strong><\/strong><\/strong>:<\/strong> Erleben Sie Istanbul aus der Sicht von Einheimischen und gewinnen Sie ein tiefes Verst\u00e4ndnis f\u00fcr die lokale Kultur und Lebensweise.<\/span><\/li>\n<li><span><strong><strong><strong><strong><strong><strong><strong><strong>Unterst\u00fctzung der Gemeinschaft<\/strong><\/strong><\/strong><\/strong><\/strong><\/strong><\/strong>:<\/strong> Indem Sie an unseren Touren teilnehmen, unterst\u00fctzen Sie lokale Guides und f\u00f6rdern die nachhaltige Entwicklung des Tourismus in Istanbul.<\/span><\/li>\n<\/ul>\n<h2 data-kb-block=\"kb-adv-heading3005_1dfd63-a9\">H\u00e4ufig gestellte Fragen: Free Walking Tour durch Istanbul<\/h2>\n<p><a href=\"https:\/\/walking-tours-istanbul.com\/de\/stadtrundgang-istanbul-altstadt\/\" style=\"outline: none;\">&gt;&gt; Sie bevorzugen eine private Erkundung? Schauen Sie sich unsere private F\u00fchrung zu den Klassikern der Altstadt von Istanbul an.<\/a><\/p>\n<p><a href=\"https:\/\/walking-tours-istanbul.com\/de\/stadtrundgang-istanbul-asiatische-seite\/\" style=\"outline: none;\">&nbsp; &gt;&gt; M\u00f6chten Sie die asiatische Seite Istanbuls erkunden? Dann werfen Sie einen Blick auf unseren alternativen Stadtrundgang durch die asiatische Seite Istanbuls.<\/a><\/p>\n<\/p>\n<h2 style=\"\"><strong>Zur Buchung<\/strong><\/h2>\n","protected":false},"excerpt":{"rendered":"<p>Free Walking Tour durch Istanbul Eine Reservierung vornehmen Entdecken Sie Istanbul auf unserer Free Walking Tour und erleben Sie die faszinierenden Attraktionen Istanbuls. Tauchen Sie ein in die Altstadt von Istanbul,&nbsp;eine Schatztruhe voller Geschichte, Kultur und architektonischer Prachtbauten.&nbsp;Gef\u00fchrt von sachkundigen Insidern,&nbsp;bietet Ihnen unsere Rundgang unsch\u00e4tzbare&nbsp;Einblicke in die legend\u00e4ren Wahrzeichen und versteckten Juwelen dieser alten Metropole. [&hellip;]<\/p>\n","protected":false},"author":8,"featured_media":3982,"parent":0,"menu_order":0,"comment_status":"closed","ping_status":"closed","template":"","meta":{"footnotes":""},"class_list":["post-4125","page","type-page","status-publish","has-post-thumbnail","hentry","post-wrapper","thrv_wrapper"],"wp-worthy-pixel":{"ignored":false,"public":null,"server":null,"url":null},"wp-worthy-type":"normal","_links":{"self":[{"href":"https:\/\/walking-tours-istanbul.com\/de\/wp-json\/wp\/v2\/pages\/4125","targetHints":{"allow":["GET"]}}],"collection":[{"href":"https:\/\/walking-tours-istanbul.com\/de\/wp-json\/wp\/v2\/pages"}],"about":[{"href":"https:\/\/walking-tours-istanbul.com\/de\/wp-json\/wp\/v2\/types\/page"}],"author":[{"embeddable":true,"href":"https:\/\/walking-tours-istanbul.com\/de\/wp-json\/wp\/v2\/users\/8"}],"replies":[{"embeddable":true,"href":"https:\/\/walking-tours-istanbul.com\/de\/wp-json\/wp\/v2\/comments?post=4125"}],"version-history":[{"count":21,"href":"https:\/\/walking-tours-istanbul.com\/de\/wp-json\/wp\/v2\/pages\/4125\/revisions"}],"predecessor-version":[{"id":4319,"href":"https:\/\/walking-tours-istanbul.com\/de\/wp-json\/wp\/v2\/pages\/4125\/revisions\/4319"}],"wp:featuredmedia":[{"embeddable":true,"href":"https:\/\/walking-tours-istanbul.com\/de\/wp-json\/wp\/v2\/media\/3982"}],"wp:attachment":[{"href":"https:\/\/walking-tours-istanbul.com\/de\/wp-json\/wp\/v2\/media?parent=4125"}],"curies":[{"name":"wp","href":"https:\/\/api.w.org\/{rel}","templated":true}]}}