{"id":3815,"date":"2024-08-27T04:19:15","date_gmt":"2024-08-27T04:19:15","guid":{"rendered":"https:\/\/istanbul-walking-tours.com\/?page_id=3436"},"modified":"2024-12-21T09:19:38","modified_gmt":"2024-12-21T09:19:38","slug":"impressum","status":"publish","type":"page","link":"https:\/\/walking-tours-istanbul.com\/de\/impressum\/","title":{"rendered":"Impressum"},"content":{"rendered":"<p><\/p><p><\/p><p><\/p><p>MOST AMAZING PLACES TANITIM VE T\u0130C. A.\u015e.<\/p><p><\/p><p><\/p><p>G\u00fcm\u00fc\u015fsuyu Mah.\u00a0<\/p><p><\/p><p><\/p><p>\u0130n\u00f6n\u00fc Cd. Melek Apt, NO: 11, K1 D2<\/p><p><\/p><p><\/p><p>34437 Beyo\u011flu\/\u0130stanbul<\/p><p><\/p><p><\/p><p><strong>Tax-Identifikationsnummer:<\/strong>Beyoglu VD 6232114088<\/p><p><\/p><p><\/p><p><strong>Gesch\u00e4ftsf\u00fchrer:\u00a0<\/strong>D. Eronal<\/p><p><\/p><p><\/p><p><strong>Internet:\u00a0<\/strong><a href=\"https:\/\/most-amazing-places.com\/\" target=\"_blank\" rel=\"noreferrer noopener nofollow\">https:\/\/most-amazing-places.com\/<\/a><\/p><p><\/p>","protected":false},"excerpt":{"rendered":"<p>MOST AMAZING PLACES TANITIM VE T\u0130C. A.\u015e. G\u00fcm\u00fc\u015fsuyu Mah.\u00a0 \u0130n\u00f6n\u00fc Cd. Melek Apt, NO: 11, K1 D2 34437 Beyo\u011flu\/\u0130stanbul Tax-Identifikationsnummer:Beyoglu VD 6232114088 Gesch\u00e4ftsf\u00fchrer:\u00a0D. Eronal Internet:\u00a0https:\/\/most-amazing-places.com\/<\/p>\n","protected":false},"author":7,"featured_media":4046,"parent":0,"menu_order":0,"comment_status":"closed","ping_status":"closed","template":"","meta":{"footnotes":""},"class_list":["post-3815","page","type-page","status-publish","has-post-thumbnail","hentry","post-wrapper","thrv_wrapper"],"wp-worthy-pixel":{"ignored":false,"public":null,"server":null,"url":null},"wp-worthy-type":"normal","_links":{"self":[{"href":"https:\/\/walking-tours-istanbul.com\/de\/wp-json\/wp\/v2\/pages\/3815","targetHints":{"allow":["GET"]}}],"collection":[{"href":"https:\/\/walking-tours-istanbul.com\/de\/wp-json\/wp\/v2\/pages"}],"about":[{"href":"https:\/\/walking-tours-istanbul.com\/de\/wp-json\/wp\/v2\/types\/page"}],"author":[{"embeddable":true,"href":"https:\/\/walking-tours-istanbul.com\/de\/wp-json\/wp\/v2\/users\/7"}],"replies":[{"embeddable":true,"href":"https:\/\/walking-tours-istanbul.com\/de\/wp-json\/wp\/v2\/comments?post=3815"}],"version-history":[{"count":4,"href":"https:\/\/walking-tours-istanbul.com\/de\/wp-json\/wp\/v2\/pages\/3815\/revisions"}],"predecessor-version":[{"id":4145,"href":"https:\/\/walking-tours-istanbul.com\/de\/wp-json\/wp\/v2\/pages\/3815\/revisions\/4145"}],"wp:featuredmedia":[{"embeddable":true,"href":"https:\/\/walking-tours-istanbul.com\/de\/wp-json\/wp\/v2\/media\/4046"}],"wp:attachment":[{"href":"https:\/\/walking-tours-istanbul.com\/de\/wp-json\/wp\/v2\/media?parent=3815"}],"curies":[{"name":"wp","href":"https:\/\/api.w.org\/{rel}","templated":true}]}}